{"id":1309,"date":"2020-06-10T22:11:05","date_gmt":"2020-06-10T22:11:05","guid":{"rendered":"http:\/\/www.geekecuador.com\/singei\/?page_id=1309"},"modified":"2024-06-16T01:43:04","modified_gmt":"2024-06-16T01:43:04","slug":"singei-ecuador","status":"publish","type":"page","link":"https:\/\/singei.ambiente.gob.ec\/singei\/?page_id=1309","title":{"rendered":"SINGEI ECUADOR"},"content":{"rendered":"<h1>SISTEMA NACIONAL DE INVENTARIOS DE GASES EFECTO INVERNADERO<\/h1>\n<h1>\u00bfQu\u00e9 es el SINGEI?<\/h1>\n<div>\n<p><strong>El Sistema Nacional de Inventarios de Gases de Efecto Invernadero \u2013 SINGEI<\/strong>, constituye un conjunto armonizado de componentes, procesos, metodolog\u00edas, procedimientos y estructuras que incluye la recopilaci\u00f3n, an\u00e1lisis, reporte y divulgaci\u00f3n de informaci\u00f3n relacionada a los Inventarios Nacionales de Gases de Efecto Invernadero (INGEI), contribuyendo a la toma de decisiones a nivel nacional, y al cumplimiento de los compromisos de reporte ante la <strong>Convenci\u00f3n Marco de las Naciones Unidas sobre el Cambio Clim\u00e1tico \u2013 CMNUCC.<\/strong><\/p>\n<\/div>\n<h1>Importancia<\/h1>\n<div>\n<p>Constituye uno de los avances m\u00e1s importantes en la institucionalizaci\u00f3n y optimizaci\u00f3n de los procesos de generaci\u00f3n de inventarios de GEI. <strong>El SINGEI<\/strong> cuenta con una estructura para la gesti\u00f3n del proceso de generaci\u00f3n del Inventario Nacional de GEI, que permite:<\/p>\n<\/div>\n<ul>\n<li>\n<div>\n<p>La recopilaci\u00f3n de gran cantidad de datos e informaci\u00f3n espec\u00edfica para cada uno de los sectores que conforman el Inventario Nacional de Gases de Efecto Invernadero.<\/p>\n<\/div>\n<\/li>\n<li>\n<div>\n<p>Optimizar los tiempos para la recopilaci\u00f3n y el procesamiento de la informaci\u00f3n.<\/p>\n<\/div>\n<\/li>\n<li>\n<div>\n<p>El cumplimiento de cada una de las fases establecidas por las gu\u00edas de buenas pr\u00e1cticas y directrices del IPCC.<\/p>\n<\/div>\n<\/li>\n<li>\n<div>\n<p>El acceso p\u00fablico a los resultados que se generan en los Inventarios Nacionales de Gases de Efecto Invernadero.<\/p>\n<\/div>\n<\/li>\n<\/ul>\n<h2><strong>Funcionamiento del SINGEI<\/strong><\/h2>\n<div>\n<p>El funcionamiento del SINGEI se da a trav\u00e9s de las siguientes etapas:<\/p>\n<\/div>\n<ul>\n<li>\n<div>\n<p><strong>Obtenci\u00f3n de datos:<\/strong> Fase en la que se solicita y recopila informaci\u00f3n de las fuentes de informaci\u00f3n definidas para cada uno de los sectores del INGEI.<\/p>\n<\/div>\n<\/li>\n<li>\n<div>\n<p><strong>C\u00e1lculo de emisiones netas de GEI:<\/strong> Fase en la que el equipo t\u00e9cnico realiza los c\u00e1lculos de los inventarios sectoriales, los cuales al consolidarse conforman el INGEI.<\/p>\n<\/div>\n<\/li>\n<li>\n<div>\n<p><strong>Validaci\u00f3n:<\/strong> Fase mediante la cual se realizan los procedimientos de control y garant\u00eda de calidad a trav\u00e9s de la Subsecretar\u00eda de Cambio Clim\u00e1tico, los grupos sectoriales y la revisi\u00f3n de tercera parte.<\/p>\n<\/div>\n<\/li>\n<li>\n<div>\n<p><strong>Reporte:<\/strong> Fase en la que se da acceso a los resultados del INGEI al p\u00fablico en general.<\/p>\n<\/div>\n<\/li>\n<\/ul>\n<h2>Objetivos<\/h2>\n<ul>\n<li>\n<h3>Objetivo 1<\/h3>\n<div>\n<p>Dar mayor sostenibilidad al c\u00e1lculo de los inventarios nacionales de gases de efecto invernadero del pa\u00eds, promoviendo su institucionalizaci\u00f3n.<\/p>\n<\/div>\n<\/li>\n<li>\n<h3>Objetivo 2<\/h3>\n<div>\n<p>Recopilar los datos requeridos para la generaci\u00f3n de los inventarios desde las diferentes instituciones proveedoras de informaci\u00f3n.<\/p>\n<\/div>\n<\/li>\n<li>\n<h3>Objetivo 3<\/h3>\n<div>\n<p>Disponer de una herramienta que permita\u00a0presentar los resultados\u00a0de las emisiones y absorciones de gases de efecto invernadero.<\/p>\n<\/div>\n<\/li>\n<li>\n<h3>Objetivo 4<\/h3>\n<div>\n<p>Garantizar el\u00a0cumplimiento de los principios\u00a0establecidos por el Grupo Intergubernamental de Expertos sobre el Cambio Clim\u00e1tico (IPCC por sus siglas en ingl\u00e9s) para los inventarios.<\/p>\n<\/div>\n<\/li>\n<li>\n<h3>Objetivo 5<\/h3>\n<div>\n<p>Optimizar el uso de recursos\u00a0en la preparaci\u00f3n y mejora continua del INGEI.<\/p>\n<\/div>\n<\/li>\n<\/ul>\n<hr>\n<h2>Antecedentes<\/h2>\n<ul>\n<li>\n<p>        <img decoding=\"async\" src=\"\/singei\/wp-content\/uploads\/2.png\" alt=\"\"><\/p>\n<h3>PRIMERO<\/h3>\n<div>\n<p>Como resultado del proceso de generaci\u00f3n de las Comunicaciones Nacionales sobre Cambio Clim\u00e1tico reportadas hasta el a\u00f1o 2011, Ecuador evidenci\u00f3 la necesidad de institucionalizar la preparaci\u00f3n del Inventario Nacional de Gases de Efecto Invernadero (INGEI), al interior del Ministerio del Ambiente, Agua y Transici\u00f3n Ecol\u00f3gica.<\/p>\n<\/div>\n<p><a href=\"#\">Read more<\/a><\/p>\n<\/li>\n<li>\n<p>        <img decoding=\"async\" src=\"\/singei\/wp-content\/uploads\/5.png\" alt=\"\"><\/p>\n<h3>SEGUNDO<\/h3>\n<div>\n<p>En abril de 2014 la Direcci\u00f3n Nacional de Mitigaci\u00f3n del Cambio Clim\u00e1tico (DNMCC) adscrita a la Subsecretar\u00eda de Cambio Clim\u00e1tico (SCC) promovi\u00f3 la conformaci\u00f3n del Grupo de Trabajo de Inventarios (GTI), como un mecanismo de articulaci\u00f3n interinstitucional en el marco del proyecto TCN\/IBA. Esto permiti\u00f3 identificar sinergias entre los proyectos TCN\/IBA, LECB Ecuador, y Apoyo Espec\u00edfico de ONU-REDD\/FAO para el dise\u00f1o del Sistema Nacional de Inventarios de Gases de Efecto Invernadero (SINGEI) de Ecuador.<\/p>\n<\/div>\n<p><a href=\"#\">Read more<\/a><\/p>\n<\/li>\n<li>\n<p>        <img decoding=\"async\" src=\"\/singei\/wp-content\/uploads\/6.png\" alt=\"\"><\/p>\n<h3>TERCERO<\/h3>\n<div>\n<p>A fin de complementar este importante esfuerzo, el equipo t\u00e9cnico del proyecto TCN\/IBA, junto con Apoyo Espec\u00edfico de ONU-REDD\/FAO trabaj\u00f3 en el dise\u00f1o del\u00a0modelo de gesti\u00f3n del sistema\u00a0basado en un levantamiento de procesos, que permita la sostenibilidad para la preparaci\u00f3n de futuros inventarios del pa\u00eds, la coherencia de las emisiones reportadas, y el aseguramiento de calidad de los inventarios.<\/p>\n<\/div>\n<p><a href=\"#\">Read more<\/a><\/p>\n<\/li>\n<li>\n<p>        <img decoding=\"async\" src=\"\/singei\/wp-content\/uploads\/1.png\" alt=\"\"><\/p>\n<h3>CUARTO<\/h3>\n<div>\n<p>Como parte del dise\u00f1o del sistema se contempl\u00f3 la automatizaci\u00f3n de ciertas actividades del proceso, tales como la recopilaci\u00f3n de informaci\u00f3n, almacenamiento de datos y gesti\u00f3n de resultados relacionados a los sectores Energ\u00eda, Procesos Industriales y Uso de Productos, Agricultura, Uso de la Tierra, Cambio de Uso de la Tierra y Silvicultura (UTCUTS) y Residuos del Inventario de Gases de Efecto Invernadero.<\/p>\n<\/div>\n<p><a href=\"#\">Read more<\/a><\/p>\n<\/li>\n<li>\n<p>        <img decoding=\"async\" src=\"\/singei\/wp-content\/uploads\/3.png\" alt=\"\"><\/p>\n<h3>QUINTO<\/h3>\n<div>\n<p>El Sistema Nacional de Inventarios de Gases de Efecto Invernadero fue desarrollado con la cooperaci\u00f3n t\u00e9cnica y financiera de: PNUD \u2013 GEF \u2013 ONUREDD.<\/p>\n<\/div>\n<p><a href=\"#\">Read more<\/a><\/p>\n<\/li>\n<li>\n<p>        <img decoding=\"async\" src=\"\/singei\/wp-content\/uploads\/4.png\" alt=\"\"><\/p>\n<h3>SEXTO<\/h3>\n<div>\n<p>Al momento el SINGEI cuenta con la informaci\u00f3n actualizada de los Inventario Nacional de Gases de Efecto Invernadero (INGEI)  para los a\u00f1os 1994, 2000, 2006, 2010, 1012, 2014, 2016 y 2018, aplicando por primera vez los lineamientos de las Directrices del IPCC 2006, publicados en la Cuarta Comunicaci\u00f3n Nacional y Segundo Informe Bienal de Actualizaci\u00f3n del Ecuador a la Convenci\u00f3n Marco de las Naciones Unidas sobre el Cambio Clim\u00e1tico. Ministerio del Ambiente, Agua y Transici\u00f3n Ecol\u00f3gica (MAATE).<\/p>\n<p>En el mes de febrero 2024 el Proyecto FAO-PROAMAZON\u00cdA entrego a la Subsecretar\u00eda de Cambio Clim\u00e1tico el desarrollo del sistema SINGEI para el sector UTCUTS.<\/p>\n<p>A partir abril del 2024 el Proyecto CIBIT inicia las mejoras al SINGEI sector UTCUTS y desarrollo de los 4 sectores restantes, su finalizaci\u00f3n ser\u00e1 en el a\u00f1o 2025.<\/p>\n<\/div>\n<p><a href=\"#\">Read more<\/a><\/p>\n<\/li>\n<\/ul>\n<p><!--more--><br \/>\n<!-- {\"name\":\"Careers\",\"type\":\"layout\",\"children\":[{\"name\":\"SINGEI\",\"type\":\"section\",\"props\":{\"width\":\"default\",\"padding\":\"small\",\"style\":\"muted\",\"image_size\":\"cover\",\"image_position\":\"center-center\",\"vertical_align\":\"middle\",\"title_position\":\"top-left\",\"title_rotation\":\"left\",\"title_breakpoint\":\"xl\"},\"children\":[{\"name\":\"\",\"type\":\"row\",\"children\":[{\"name\":\"\",\"type\":\"column\",\"props\":{\"image_position\":\"center-center\",\"media_overlay_gradient\":\"\",\"width_medium\":\"1-1\"},\"children\":[{\"name\":\"\",\"type\":\"headline\",\"props\":{\"title_element\":\"h1\",\"content\":\"SISTEMA NACIONAL DE INVENTARIOS DE GASES EFECTO INVERNADERO\",\"title_style\":\"h4\",\"text_align\":\"center\",\"margin\":\"xlarge\",\"title_decoration\":\"divider\",\"title_font_family\":\"primary\",\"title_color\":\"secondary\",\"css\":\".el-element {\\nfont-size: 25px;\\n}\"}}]}]},{\"name\":\"\",\"type\":\"row\",\"props\":{\"layout\":\"2-5,3-5\",\"divider\":true,\"column_gap\":\"large\",\"row_gap\":\"large\"},\"children\":[{\"name\":\"\",\"type\":\"column\",\"props\":{\"image_position\":\"center-center\",\"media_overlay_gradient\":\"\",\"width_medium\":\"2-5\"},\"children\":[{\"name\":\"\",\"type\":\"headline\",\"props\":{\"title_element\":\"h1\",\"content\":\"\\u00bfQu\\u00e9 es el SINGEI?\",\"text_align\":\"center\",\"css\":\".el-element {\\nfont-size: 25px;\\n}\"}},{\"name\":\"\",\"type\":\"text\",\"props\":{\"column_breakpoint\":\"m\",\"content\":\"\n\n<p><strong>El Sistema Nacional de Inventarios de Gases de Efecto Invernadero \\u2013 SINGEI<\\\/strong>, constituye un conjunto armonizado de componentes, procesos, metodolog\\u00edas, procedimientos y estructuras que incluye la recopilaci\\u00f3n, an\\u00e1lisis, reporte y divulgaci\\u00f3n de informaci\\u00f3n relacionada a los Inventarios Nacionales de Gases de Efecto Invernadero (INGEI), contribuyendo a la toma de decisiones a nivel nacional, y al cumplimiento de los compromisos de reporte ante la <strong>Convenci\\u00f3n Marco de las Naciones Unidas sobre el Cambio Clim\\u00e1tico \\u2013 CMNUCC.<\\\/strong><\\\/p>\",\"dropcap\":false,\"margin\":\"default\",\"text_align\":\"justify\"}}]},{\"name\":\"\",\"type\":\"column\",\"props\":{\"image_position\":\"center-center\",\"media_overlay_gradient\":\"\",\"width_medium\":\"3-5\"},\"children\":[{\"name\":\"\",\"type\":\"headline\",\"props\":{\"title_element\":\"h1\",\"content\":\"Importancia\",\"text_align\":\"center\",\"css\":\".el-element {\\nfont-size: 25px;\\n}\"}},{\"type\":\"text\",\"props\":{\"margin\":\"default\",\"column_breakpoint\":\"m\",\"content\":\"\n\n<p>Constituye uno de los avances m\\u00e1s importantes en la institucionalizaci\\u00f3n y optimizaci\\u00f3n de los procesos de generaci\\u00f3n de inventarios de GEI. <strong>El SINGEI<\\\/strong> cuenta con una estructura para la gesti\\u00f3n del proceso de generaci\\u00f3n del Inventario Nacional de GEI, que permite:<\\\/p>\",\"text_align\":\"justify\"}},{\"name\":\"\",\"type\":\"list\",\"props\":{\"image\":true,\"image_align\":\"left\",\"margin\":\"default\",\"list_size\":\"\",\"show_image\":true,\"show_link\":true,\"image_svg_color\":\"emphasis\",\"image_vertical_align\":true,\"list_element\":\"ul\",\"column_breakpoint\":\"m\",\"content_style\":null,\"text_align\":\"justify\",\"icon\":\"arrow-right\"},\"children\":[{\"name\":\"\",\"type\":\"list_item\",\"props\":{\"content\":\"\n\n<p>La recopilaci\\u00f3n de gran cantidad de datos e informaci\\u00f3n espec\\u00edfica para cada uno de los sectores que conforman el Inventario Nacional de Gases de Efecto Invernadero.<\\\/p>\"}},{\"name\":\"\",\"type\":\"list_item\",\"props\":{\"content\":\"\n\n<p>Optimizar los tiempos para la recopilaci\\u00f3n y el procesamiento de la informaci\\u00f3n.<\\\/p>\"}},{\"name\":\"\",\"type\":\"list_item\",\"props\":{\"content\":\"\n\n<p>El cumplimiento de cada una de las fases establecidas por las gu\\u00edas de buenas pr\\u00e1cticas y directrices del IPCC.<\\\/p>\"}},{\"name\":\"\",\"type\":\"list_item\",\"props\":{\"content\":\"\n\n<p>El acceso p\\u00fablico a los resultados que se generan en los Inventarios Nacionales de Gases de Efecto Invernadero.<\\\/p>\"}}]}]}]}]},{\"name\":\"Funcionamiento\",\"type\":\"section\",\"props\":{\"width\":\"default\",\"padding\":\"small\",\"style\":\"secondary\",\"media\":\"images\\\/career-teaser.jpg\",\"media_advanced\":true,\"media_size\":\"cover\",\"media_background\":\"#fff\",\"media_overlay\":\"rgba(0, 0, 0, 0.31)\",\"image_size\":\"cover\",\"image\":\"wp-content\\\/uploads\\\/foto1.png\",\"image_position\":\"center-center\",\"vertical_align\":\"middle\",\"title_position\":\"top-left\",\"title_rotation\":\"left\",\"title_breakpoint\":\"xl\",\"image_width\":\"1920\",\"padding_remove_top\":false},\"children\":[{\"name\":\"\",\"type\":\"row\",\"children\":[{\"name\":\"\",\"type\":\"column\",\"props\":{\"image_position\":\"center-center\",\"media_overlay_gradient\":\"\",\"width_medium\":\"2-5\",\"vertical_align\":\"middle\"},\"children\":[{\"name\":\"\",\"type\":\"headline\",\"props\":{\"title_element\":\"h2\",\"content\":\"<strong>Funcionamiento del SINGEI<\\\/strong>\",\"text_align\":\"center\",\"css\":\".el-element {\\nfont-size: 25px;\\n}\"}},{\"type\":\"text\",\"props\":{\"margin\":\"default\",\"column_breakpoint\":\"m\",\"content\":\"\n\n<p>El funcionamiento del SINGEI se da a trav\\u00e9s de las siguientes etapas:<\\\/p>\",\"text_align\":\"center\",\"css\":\".el-element {color:#ffffff;}\"}}]},{\"type\":\"column\",\"props\":{\"image_position\":\"center-center\",\"media_overlay_gradient\":\"\",\"width_medium\":\"3-5\",\"vertical_align\":\"middle\",\"text_color\":\"light\",\"css\":\".el-column {color:#ffffff;}\"},\"children\":[{\"type\":\"list\",\"props\":{\"show_image\":true,\"show_link\":true,\"list_element\":\"ul\",\"column_breakpoint\":\"m\",\"image_svg_color\":\"emphasis\",\"image_align\":\"left\",\"image_vertical_align\":true,\"list_marker_color\":\"emphasis\",\"text_align\":\"justify\"},\"children\":[{\"type\":\"list_item\",\"props\":{\"content\":\"\n\n<p><strong>Obtenci\\u00f3n de datos:<\\\/strong> Fase en la que se solicita y recopila informaci\\u00f3n de las fuentes de informaci\\u00f3n definidas para cada uno de los sectores del INGEI.<\\\/p>\"}},{\"type\":\"list_item\",\"props\":{\"content\":\"\n\n<p><strong>C\\u00e1lculo de emisiones netas de GEI:<\\\/strong> Fase en la que el equipo t\\u00e9cnico realiza los c\\u00e1lculos de los inventarios sectoriales, los cuales al consolidarse conforman el INGEI.<\\\/p>\"}},{\"type\":\"list_item\",\"props\":{\"content\":\"\n\n<p><strong>Validaci\\u00f3n:<\\\/strong> Fase mediante la cual se realizan los procedimientos de control y garant\\u00eda de calidad a trav\\u00e9s de la Subsecretar\\u00eda de Cambio Clim\\u00e1tico, los grupos sectoriales y la revisi\\u00f3n de tercera parte.<\\\/p>\"}},{\"type\":\"list_item\",\"props\":{\"content\":\"\n\n<p><strong>Reporte:<\\\/strong> Fase en la que se da acceso a los resultados del INGEI al p\\u00fablico en general.<\\\/p>\"}}]}]}],\"props\":{\"layout\":\"2-5,3-5\"}}]},{\"name\":\"Objetivos\",\"type\":\"section\",\"props\":{\"width\":\"default\",\"padding\":\"small\",\"style\":\"default\",\"image_size\":\"cover\",\"image_position\":\"center-center\",\"vertical_align\":\"middle\",\"title_position\":\"top-left\",\"title_rotation\":\"left\",\"title_breakpoint\":\"xl\"},\"children\":[{\"name\":\"\",\"type\":\"row\",\"children\":[{\"name\":\"\",\"type\":\"column\",\"props\":{\"image_position\":\"center-center\",\"media_overlay_gradient\":\"\",\"width_medium\":\"1-1\"},\"children\":[{\"name\":\"\",\"type\":\"headline\",\"props\":{\"title_element\":\"h2\",\"content\":\"Objetivos\",\"text_align\":\"center\",\"title_style\":\"h4\",\"title_font_family\":\"primary\",\"title_color\":\"secondary\",\"css\":\".el-element {\\nfont-size: 25px;\\n}\"}},{\"name\":\"\",\"type\":\"grid\",\"props\":{\"show_title\":false,\"show_meta\":true,\"show_content\":true,\"show_image\":true,\"show_link\":true,\"grid_default\":\"1\",\"grid_medium\":\"3\",\"title_element\":\"h3\",\"meta_style\":\"meta\",\"meta_align\":\"below-title\",\"image_align\":\"top\",\"image_grid_width\":\"1-2\",\"link_text\":\"Read more\",\"link_style\":\"default\",\"margin\":\"medium\",\"text_align\":\"center\",\"grid_small\":\"2\",\"filter_style\":\"tab\",\"filter_all\":true,\"filter_position\":\"top\",\"filter_align\":\"left\",\"filter_grid_width\":\"auto\",\"title_align\":\"top\",\"title_grid_width\":\"1-2\",\"image_svg_color\":\"emphasis\",\"item_animation\":\"\",\"title_hover_style\":\"reset\",\"grid_column_gap\":\"medium\",\"grid_row_gap\":\"large\",\"filter_grid_breakpoint\":\"m\",\"title_grid_breakpoint\":\"m\",\"image_grid_breakpoint\":\"m\",\"content_column_breakpoint\":\"m\",\"icon_width\":40,\"meta_element\":\"div\",\"grid_large\":\"5\",\"grid_xlarge\":\"5\",\"css\":\".el-image {color: #F18700;}\",\"grid_divider\":true},\"children\":[{\"name\":\"\",\"type\":\"grid_item\",\"props\":{\"title\":\"Objetivo 1\",\"content\":\"\n\n<p>Dar mayor sostenibilidad al c\\u00e1lculo de los inventarios nacionales de gases de efecto invernadero del pa\\u00eds, promoviendo su institucionalizaci\\u00f3n.<\\\/p>\",\"icon\":\"settings\"}},{\"name\":\"\",\"type\":\"grid_item\",\"props\":{\"title\":\"Objetivo 2\",\"content\":\"\n\n<p>Recopilar los datos requeridos para la generaci\\u00f3n de los inventarios desde las diferentes instituciones proveedoras de informaci\\u00f3n.<\\\/p>\",\"icon\":\"file-text\"}},{\"name\":\"\",\"type\":\"grid_item\",\"props\":{\"title\":\"Objetivo 3\",\"content\":\"\n\n<p>Disponer de una herramienta que permita\\u00a0presentar los resultados\\u00a0de las emisiones y absorciones de gases de efecto invernadero.<\\\/p>\",\"icon\":\"desktop\"}},{\"name\":\"\",\"type\":\"grid_item\",\"props\":{\"title\":\"Objetivo 4\",\"content\":\"\n\n<p>Garantizar el\\u00a0cumplimiento de los principios\\u00a0establecidos por el Grupo Intergubernamental de Expertos sobre el Cambio Clim\\u00e1tico (IPCC por sus siglas en ingl\\u00e9s) para los inventarios.<\\\/p>\",\"icon\":\"check\"}},{\"name\":\"\",\"type\":\"grid_item\",\"props\":{\"title\":\"Objetivo 5\",\"content\":\"\n\n<p>Optimizar el uso de recursos\\u00a0en la preparaci\\u00f3n y mejora continua del INGEI.<\\\/p>\",\"icon\":\"thumbnails\"}}]}]}]}]},{\"type\":\"section\",\"props\":{\"style\":\"default\",\"width\":\"large\",\"vertical_align\":\"middle\",\"title_position\":\"top-left\",\"title_rotation\":\"left\",\"title_breakpoint\":\"xl\",\"image_position\":\"center-center\",\"padding\":\"xsmall\"},\"children\":[{\"type\":\"row\",\"children\":[{\"type\":\"column\",\"props\":{\"image_position\":\"center-center\",\"media_overlay_gradient\":\"\"},\"children\":[{\"type\":\"divider\",\"props\":{\"divider_element\":\"hr\"}}]}]}],\"name\":\"SEPARACION\"},{\"name\":\"ANTECEDENTES\",\"type\":\"section\",\"props\":{\"width\":\"default\",\"padding\":\"small\",\"style\":\"default\",\"padding_remove_top\":true,\"image_size\":\"cover\",\"image_position\":\"center-center\",\"vertical_align\":\"middle\",\"title_position\":\"top-left\",\"title_rotation\":\"left\",\"title_breakpoint\":\"xl\"},\"children\":[{\"name\":\"\",\"type\":\"row\",\"children\":[{\"name\":\"\",\"type\":\"column\",\"props\":{\"image_position\":\"center-center\",\"media_overlay_gradient\":\"\",\"width_medium\":\"1-1\"},\"children\":[{\"name\":\"\",\"type\":\"headline\",\"props\":{\"title_element\":\"h2\",\"content\":\"Antecedentes\",\"text_align\":\"center\",\"title_style\":\"h4\",\"title_font_family\":\"primary\",\"css\":\".el-element {\\n \\nfont-size: 25px;\\n    color: #949300;}\"}},{\"name\":\"\",\"type\":\"grid\",\"props\":{\"show_title\":false,\"show_meta\":true,\"show_content\":true,\"show_image\":true,\"show_link\":false,\"grid_default\":\"1\",\"grid_medium\":\"3\",\"title_element\":\"h3\",\"meta_style\":\"meta\",\"meta_align\":\"below-title\",\"image_align\":\"top\",\"image_grid_width\":\"1-2\",\"link_text\":\"Read more\",\"link_style\":\"text\",\"margin\":\"medium\",\"panel_style\":\"card-default\",\"filter_style\":\"tab\",\"filter_all\":true,\"filter_position\":\"top\",\"filter_align\":\"left\",\"filter_grid_width\":\"auto\",\"title_align\":\"top\",\"title_grid_width\":\"1-2\",\"image_svg_color\":\"emphasis\",\"item_animation\":\"\",\"title_hover_style\":\"reset\",\"grid_column_gap\":\"medium\",\"grid_row_gap\":\"medium\",\"filter_grid_breakpoint\":\"m\",\"title_grid_breakpoint\":\"m\",\"image_grid_breakpoint\":\"m\",\"content_column_breakpoint\":\"m\",\"icon_width\":80,\"meta_element\":\"div\",\"text_align\":\"justify\",\"grid_divider\":false,\"grid_large\":\"3\",\"grid_xlarge\":\"3\",\"grid_small\":\"1\",\"panel_size\":\"small\",\"panel_card_image\":true},\"children\":[{\"name\":\"\",\"type\":\"grid_item\",\"props\":{\"title\":\"PRIMERO\",\"content\":\"\n\n<p>Como resultado del proceso de generaci\\u00f3n de las Comunicaciones Nacionales sobre Cambio Clim\\u00e1tico reportadas hasta el a\\u00f1o 2011, Ecuador evidenci\\u00f3 la necesidad de institucionalizar la preparaci\\u00f3n del Inventario Nacional de Gases de Efecto Invernadero (INGEI), al interior del Ministerio del Ambiente, Agua y Transici\\u00f3n Ecol\\u00f3gica.<\\\/p>\",\"link\":\"#\",\"image\":\"wp-content\\\/uploads\\\/2.png\"}},{\"name\":\"\",\"type\":\"grid_item\",\"props\":{\"title\":\"SEGUNDO\",\"content\":\"\n\n<p>En abril de 2014 la Direcci\\u00f3n Nacional de Mitigaci\\u00f3n del Cambio Clim\\u00e1tico (DNMCC) adscrita a la Subsecretar\\u00eda de Cambio Clim\\u00e1tico (SCC) promovi\\u00f3 la conformaci\\u00f3n del Grupo de Trabajo de Inventarios (GTI), como un mecanismo de articulaci\\u00f3n interinstitucional en el marco del proyecto TCN\\\/IBA. Esto permiti\\u00f3 identificar sinergias entre los proyectos TCN\\\/IBA, LECB Ecuador, y Apoyo Espec\\u00edfico de ONU-REDD\\\/FAO para el dise\\u00f1o del Sistema Nacional de Inventarios de Gases de Efecto Invernadero (SINGEI) de Ecuador.<\\\/p>\",\"link\":\"#\",\"image\":\"wp-content\\\/uploads\\\/5.png\"}},{\"name\":\"\",\"type\":\"grid_item\",\"props\":{\"title\":\"TERCERO\",\"content\":\"\n\n<p>A fin de complementar este importante esfuerzo, el equipo t\\u00e9cnico del proyecto TCN\\\/IBA, junto con Apoyo Espec\\u00edfico de ONU-REDD\\\/FAO trabaj\\u00f3 en el dise\\u00f1o del\\u00a0modelo de gesti\\u00f3n del sistema\\u00a0basado en un levantamiento de procesos, que permita la sostenibilidad para la preparaci\\u00f3n de futuros inventarios del pa\\u00eds, la coherencia de las emisiones reportadas, y el aseguramiento de calidad de los inventarios.<\\\/p>\",\"link\":\"#\",\"image\":\"wp-content\\\/uploads\\\/6.png\"}},{\"name\":\"\",\"type\":\"grid_item\",\"props\":{\"title\":\"CUARTO\",\"content\":\"\n\n<p>Como parte del dise\\u00f1o del sistema se contempl\\u00f3 la automatizaci\\u00f3n de ciertas actividades del proceso, tales como la recopilaci\\u00f3n de informaci\\u00f3n, almacenamiento de datos y gesti\\u00f3n de resultados relacionados a los sectores Energ\\u00eda, Procesos Industriales y Uso de Productos, Agricultura, Uso de la Tierra, Cambio de Uso de la Tierra y Silvicultura (UTCUTS) y Residuos del Inventario de Gases de Efecto Invernadero.<\\\/p>\",\"link\":\"#\",\"image\":\"wp-content\\\/uploads\\\/1.png\"}},{\"name\":\"\",\"type\":\"grid_item\",\"props\":{\"title\":\"QUINTO\",\"content\":\"\n\n<p>El Sistema Nacional de Inventarios de Gases de Efecto Invernadero fue desarrollado con la cooperaci\\u00f3n t\\u00e9cnica y financiera de: PNUD \\u2013 GEF \\u2013 ONUREDD.<\\\/p>\",\"link\":\"#\",\"image\":\"wp-content\\\/uploads\\\/3.png\"}},{\"name\":\"\",\"type\":\"grid_item\",\"props\":{\"title\":\"SEXTO\",\"content\":\"\n\n<p>Al momento el SINGEI cuenta con la informaci\\u00f3n actualizada de los Inventario Nacional de Gases de Efecto Invernadero (INGEI)  para los a\\u00f1os 1994, 2000, 2006, 2010, 1012, 2014, 2016 y 2018, aplicando por primera vez los lineamientos de las Directrices del IPCC 2006, publicados en la Cuarta Comunicaci\\u00f3n Nacional y Segundo Informe Bienal de Actualizaci\\u00f3n del Ecuador a la Convenci\\u00f3n Marco de las Naciones Unidas sobre el Cambio Clim\\u00e1tico. Ministerio del Ambiente, Agua y Transici\\u00f3n Ecol\\u00f3gica (MAATE).<\\\/p>\\n\n\n<p>En el mes de febrero 2024 el Proyecto FAO-PROAMAZON\\u00cdA entrego a la Subsecretar\\u00eda de Cambio Clim\\u00e1tico el desarrollo del sistema SINGEI para el sector UTCUTS.<\\\/p>\\n\n\n<p>A partir abril del 2024 el Proyecto CIBIT inicia las mejoras al SINGEI sector UTCUTS y desarrollo de los 4 sectores restantes, su finalizaci\\u00f3n ser\\u00e1 en el a\\u00f1o 2025.<\\\/p>\",\"link\":\"#\",\"image\":\"wp-content\\\/uploads\\\/4.png\",\"meta\":\"\"}}]}]}]}]}],\"version\":\"2.4.14\"} --><\/p>\n","protected":false},"excerpt":{"rendered":"<p>SISTEMA NACIONAL DE INVENTARIOS DE GASES EFECTO INVERNADERO \u00bfQu\u00e9 es el SINGEI? El Sistema Nacional de Inventarios de Gases de Efecto Invernadero \u2013 SINGEI, constituye un conjunto armonizado de componentes, procesos, metodolog\u00edas, procedimientos y estructuras que incluye la recopilaci\u00f3n, an\u00e1lisis, reporte y divulgaci\u00f3n de informaci\u00f3n relacionada a los Inventarios Nacionales de Gases de Efecto Invernadero [&hellip;]<\/p>\n","protected":false},"author":1,"featured_media":0,"parent":0,"menu_order":0,"comment_status":"closed","ping_status":"closed","template":"","meta":{"_monsterinsights_skip_tracking":false,"_monsterinsights_sitenote_active":false,"_monsterinsights_sitenote_note":"","_monsterinsights_sitenote_category":0,"footnotes":""},"class_list":["post-1309","page","type-page","status-publish","hentry"],"_links":{"self":[{"href":"https:\/\/singei.ambiente.gob.ec\/singei\/index.php?rest_route=\/wp\/v2\/pages\/1309","targetHints":{"allow":["GET"]}}],"collection":[{"href":"https:\/\/singei.ambiente.gob.ec\/singei\/index.php?rest_route=\/wp\/v2\/pages"}],"about":[{"href":"https:\/\/singei.ambiente.gob.ec\/singei\/index.php?rest_route=\/wp\/v2\/types\/page"}],"author":[{"embeddable":true,"href":"https:\/\/singei.ambiente.gob.ec\/singei\/index.php?rest_route=\/wp\/v2\/users\/1"}],"replies":[{"embeddable":true,"href":"https:\/\/singei.ambiente.gob.ec\/singei\/index.php?rest_route=%2Fwp%2Fv2%2Fcomments&post=1309"}],"version-history":[{"count":57,"href":"https:\/\/singei.ambiente.gob.ec\/singei\/index.php?rest_route=\/wp\/v2\/pages\/1309\/revisions"}],"predecessor-version":[{"id":1973,"href":"https:\/\/singei.ambiente.gob.ec\/singei\/index.php?rest_route=\/wp\/v2\/pages\/1309\/revisions\/1973"}],"wp:attachment":[{"href":"https:\/\/singei.ambiente.gob.ec\/singei\/index.php?rest_route=%2Fwp%2Fv2%2Fmedia&parent=1309"}],"curies":[{"name":"wp","href":"https:\/\/api.w.org\/{rel}","templated":true}]}}