{"id":1313,"date":"2020-06-10T22:11:50","date_gmt":"2020-06-10T22:11:50","guid":{"rendered":"http:\/\/www.geekecuador.com\/singei\/?page_id=1313"},"modified":"2024-06-16T01:35:33","modified_gmt":"2024-06-16T01:35:33","slug":"sistema-singei","status":"publish","type":"page","link":"https:\/\/singei.ambiente.gob.ec\/singei\/?page_id=1313","title":{"rendered":"SISTEMA SINGEI"},"content":{"rendered":"<h1>Sistema SINGEI<\/h1>\n<div>\n<p>Comenz\u00f3 durante el segundo semestre del a\u00f1o 2018 y finaliz\u00f3 en diciembre de 2021. Cumpliendo con los requisitos de transparencia, coherencia, comparabilidad, exhaustividad y exactitud.<\/p>\n<p><strong>Fase 1:<\/strong> Levantamiento de la informaci\u00f3n Comprende la recopilaci\u00f3n y validaci\u00f3n de datos de actividad que se necesitan para calcular el inventario de GEI. En esta fase es clave el rol que desempe\u00f1an los actores p\u00fablicos y privados, como proveedores de informaci\u00f3n seg\u00fan sus competencias.<\/p>\n<p><strong>Fase 2:<\/strong> C\u00e1lculo Se centra en la estimaci\u00f3n de emisiones y absorciones de GEI para los cinco sectores definidos por el IPCC, que se realiz\u00f3 a trav\u00e9s del uso de hojas de c\u00e1lculo alimentadas con base en la informaci\u00f3n recopilada y validada durante la fase de preparaci\u00f3n. Incluye la compilaci\u00f3n o agregaci\u00f3n de los resultados de los inventarios sectoriales, el c\u00e1lculo de categor\u00edas principales y la estimaci\u00f3n de la incertidumbre del inventario. Estuvo a cargo del equipo de especialistas del Inventario del Proyecto 4CN-2IBA.<\/p>\n<p><strong>Fase 3:<\/strong> Control y Garant\u00eda de Calidad Incluye el proceso de control de calidad interno que estuvo a cargo del equipo de especialistas del Inventario del Proyecto 4CN-2IBA con apoyo de los grupos de trabajo de cada uno de los sectores y del equipo t\u00e9cnico de la SCC del MAATE. Este proceso involucr\u00f3 la revisi\u00f3n de resultados e incorporaci\u00f3n de sugerencias para el ajuste de los resultados del INGEI. Por otro lado, la garant\u00eda de calidad del INGEI estuvo a cargo de la Red Latinoamericana de Inventarios para Am\u00e9rica Latina y el Caribe (RedINGEI) siguiendo el protocolo de validaci\u00f3n de tercera parte.<\/p>\n<p>La RedINGEI facilit\u00f3 expertos sectoriales, quienes comprobaron que los c\u00e1lculos estuvieran acordes a lo establecido en las directrices del IPCC, aportando con sugerencias t\u00e9cnicas en pro de la mejora del INGEI del Ecuador.<\/p>\n<p><strong>Fase 4:<\/strong> Reporte Comprende la presentaci\u00f3n del reporte de los resultados del INGEI en funci\u00f3n de los lineamientos de la CMNUCC.<\/p>\n<\/div>\n<p><img decoding=\"async\" src=\"\/singei\/wp-content\/uploads\/sistema_gestion_singei_2024.jpg\" alt=\"\"><\/p>\n<p><!--more--><br \/>\n<!-- {\"name\":\"01\",\"type\":\"layout\",\"children\":[{\"type\":\"section\",\"props\":{\"style\":\"default\",\"width\":\"\",\"vertical_align\":\"middle\",\"title_position\":\"top-left\",\"title_rotation\":\"left\",\"title_breakpoint\":\"xl\",\"image_position\":\"center-center\",\"image\":\"wp-content\\\/uploads\\\/foto_banner.png\",\"overlap\":false,\"image_size\":\"cover\"},\"children\":[{\"type\":\"row\",\"children\":[{\"type\":\"column\",\"props\":{\"image_position\":\"center-center\",\"media_overlay_gradient\":\"\"},\"children\":[]}]}],\"name\":\"fotobanner\"},{\"type\":\"section\",\"props\":{\"style\":\"primary\",\"width\":\"\",\"vertical_align\":\"middle\",\"title_position\":\"top-left\",\"title_rotation\":\"left\",\"title_breakpoint\":\"xl\",\"image_position\":\"center-center\",\"padding\":\"xsmall\",\"padding_remove_top\":true,\"padding_remove_bottom\":false},\"children\":[{\"type\":\"row\",\"children\":[{\"type\":\"column\",\"props\":{\"image_position\":\"center-center\",\"media_overlay_gradient\":\"\"},\"children\":[]}]}]},{\"type\":\"section\",\"props\":{\"style\":\"default\",\"width\":\"default\",\"vertical_align\":\"middle\",\"title_position\":\"top-left\",\"title_rotation\":\"left\",\"title_breakpoint\":\"xl\",\"image_position\":\"center-center\"},\"children\":[{\"type\":\"row\",\"children\":[{\"type\":\"column\",\"props\":{\"image_position\":\"center-center\",\"media_overlay_gradient\":\"\"},\"children\":[{\"name\":\"\",\"type\":\"headline\",\"props\":{\"title_element\":\"h1\",\"content\":\"Sistema SINGEI\",\"text_align\":\"center\",\"css\":\".el-element {\\nfont-size: 25px;\\n}\"}},{\"type\":\"text\",\"props\":{\"margin\":\"default\",\"column_breakpoint\":\"m\",\"content\":\"\n\n<p>Comenz\\u00f3 durante el segundo semestre del a\\u00f1o 2018 y finaliz\\u00f3 en diciembre de 2021. Cumpliendo con los requisitos de transparencia, coherencia, comparabilidad, exhaustividad y exactitud.<\\\/p>\\n\n\n<p><strong>Fase 1:<\\\/strong> Levantamiento de la informaci\\u00f3n Comprende la recopilaci\\u00f3n y validaci\\u00f3n de datos de actividad que se necesitan para calcular el inventario de GEI. En esta fase es clave el rol que desempe\\u00f1an los actores p\\u00fablicos y privados, como proveedores de informaci\\u00f3n seg\\u00fan sus competencias.<\\\/p>\\n\n\n<p><strong>Fase 2:<\\\/strong> C\\u00e1lculo Se centra en la estimaci\\u00f3n de emisiones y absorciones de GEI para los cinco sectores definidos por el IPCC, que se realiz\\u00f3 a trav\\u00e9s del uso de hojas de c\\u00e1lculo alimentadas con base en la informaci\\u00f3n recopilada y validada durante la fase de preparaci\\u00f3n. Incluye la compilaci\\u00f3n o agregaci\\u00f3n de los resultados de los inventarios sectoriales, el c\\u00e1lculo de categor\\u00edas principales y la estimaci\\u00f3n de la incertidumbre del inventario. Estuvo a cargo del equipo de especialistas del Inventario del Proyecto 4CN-2IBA.<\\\/p>\\n\n\n<p><strong>Fase 3:<\\\/strong> Control y Garant\\u00eda de Calidad Incluye el proceso de control de calidad interno que estuvo a cargo del equipo de especialistas del Inventario del Proyecto 4CN-2IBA con apoyo de los grupos de trabajo de cada uno de los sectores y del equipo t\\u00e9cnico de la SCC del MAATE. Este proceso involucr\\u00f3 la revisi\\u00f3n de resultados e incorporaci\\u00f3n de sugerencias para el ajuste de los resultados del INGEI. Por otro lado, la garant\\u00eda de calidad del INGEI estuvo a cargo de la Red Latinoamericana de Inventarios para Am\\u00e9rica Latina y el Caribe (RedINGEI) siguiendo el protocolo de validaci\\u00f3n de tercera parte.<\\\/p>\\n\n\n<p>La RedINGEI facilit\\u00f3 expertos sectoriales, quienes comprobaron que los c\\u00e1lculos estuvieran acordes a lo establecido en las directrices del IPCC, aportando con sugerencias t\\u00e9cnicas en pro de la mejora del INGEI del Ecuador.<\\\/p>\\n\n\n<p><strong>Fase 4:<\\\/strong> Reporte Comprende la presentaci\\u00f3n del reporte de los resultados del INGEI en funci\\u00f3n de los lineamientos de la CMNUCC.<\\\/p>\",\"text_align\":\"justify\"}}]}]},{\"type\":\"row\",\"children\":[{\"type\":\"column\",\"props\":{\"image_position\":\"center-center\",\"media_overlay_gradient\":\"\"},\"children\":[{\"type\":\"image\",\"props\":{\"margin\":\"default\",\"image_svg_color\":\"emphasis\",\"image\":\"wp-content\\\/uploads\\\/sistema_gestion_singei_2024.jpg\",\"text_align\":\"center\"}}]}]}]}],\"version\":\"2.4.14\"} --><\/p>\n","protected":false},"excerpt":{"rendered":"<p>Sistema SINGEI Comenz\u00f3 durante el segundo semestre del a\u00f1o 2018 y finaliz\u00f3 en diciembre de 2021. Cumpliendo con los requisitos de transparencia, coherencia, comparabilidad, exhaustividad y exactitud. Fase 1: Levantamiento de la informaci\u00f3n Comprende la recopilaci\u00f3n y validaci\u00f3n de datos de actividad que se necesitan para calcular el inventario de GEI. En esta fase es [&hellip;]<\/p>\n","protected":false},"author":1,"featured_media":0,"parent":0,"menu_order":0,"comment_status":"closed","ping_status":"closed","template":"","meta":{"_monsterinsights_skip_tracking":false,"_monsterinsights_sitenote_active":false,"_monsterinsights_sitenote_note":"","_monsterinsights_sitenote_category":0,"footnotes":""},"class_list":["post-1313","page","type-page","status-publish","hentry"],"_links":{"self":[{"href":"https:\/\/singei.ambiente.gob.ec\/singei\/index.php?rest_route=\/wp\/v2\/pages\/1313","targetHints":{"allow":["GET"]}}],"collection":[{"href":"https:\/\/singei.ambiente.gob.ec\/singei\/index.php?rest_route=\/wp\/v2\/pages"}],"about":[{"href":"https:\/\/singei.ambiente.gob.ec\/singei\/index.php?rest_route=\/wp\/v2\/types\/page"}],"author":[{"embeddable":true,"href":"https:\/\/singei.ambiente.gob.ec\/singei\/index.php?rest_route=\/wp\/v2\/users\/1"}],"replies":[{"embeddable":true,"href":"https:\/\/singei.ambiente.gob.ec\/singei\/index.php?rest_route=%2Fwp%2Fv2%2Fcomments&post=1313"}],"version-history":[{"count":21,"href":"https:\/\/singei.ambiente.gob.ec\/singei\/index.php?rest_route=\/wp\/v2\/pages\/1313\/revisions"}],"predecessor-version":[{"id":1956,"href":"https:\/\/singei.ambiente.gob.ec\/singei\/index.php?rest_route=\/wp\/v2\/pages\/1313\/revisions\/1956"}],"wp:attachment":[{"href":"https:\/\/singei.ambiente.gob.ec\/singei\/index.php?rest_route=%2Fwp%2Fv2%2Fmedia&parent=1313"}],"curies":[{"name":"wp","href":"https:\/\/api.w.org\/{rel}","templated":true}]}}