{"id":1319,"date":"2020-06-10T22:12:34","date_gmt":"2020-06-10T22:12:34","guid":{"rendered":"http:\/\/www.geekecuador.com\/singei\/?page_id=1319"},"modified":"2024-06-16T01:40:57","modified_gmt":"2024-06-16T01:40:57","slug":"contacto","status":"publish","type":"page","link":"https:\/\/singei.ambiente.gob.ec\/singei\/?page_id=1319","title":{"rendered":"CONTACTO"},"content":{"rendered":"<h1>Contactos<\/h1>\n<h4>\n<h1 class=\"uk-h5 uk-font-primary uk-text-primary uk-text-center uk-scrollspy-inview uk-animation-slide-bottom-medium\" data-id=\"page#1-0-0-0\" uk-scrollspy-class=\"\">UBICACI\u00d3N MINISTERIO DEL AMBIENTE, AGUA Y TRANSICI\u00d3N ECOL\u00d3GICA<\/h1>\n<\/h4>\n<div>\n<p>    <iframe loading=\"lazy\" src=\"https:\/\/www.google.com\/maps\/embed?pb=!1m18!1m12!1m3!1d3989.7919675817857!2d-78.4885198489203!3d-0.20824489984730407!2m3!1f0!2f0!3f0!3m2!1i1024!2i768!4f13.1!3m3!1m2!1s0x91d59a0e294bf633%3A0x144735ae05f2a969!2sMinisterio%20del%20Ambiente%20Ecuador!5e0!3m2!1ses!2sec!4v1595287822567!5m2!1ses!2sec\" width=\"100%\" height=\"450\" frameborder=\"0\" style=\"border:0;\" allowfullscreen=\"\" aria-hidden=\"false\" tabindex=\"0\"><\/iframe>\n<\/div>\n<div>\n<p><strong>Subsecretar\u00eda de Cambio Clim\u00e1tico<\/strong><\/p>\n<p><strong>Direcci\u00f3n de Mitigaci\u00f3n del Cambio Clim\u00e1tico<\/strong><br \/><strong>Direcci\u00f3n:<\/strong> Av. Madrid 1159 y Andaluc\u00eda<br \/><strong>Tel\u00e9fono:<\/strong> (593)2 398 7600<br \/><strong>Ext:<\/strong> 1303-1307<br \/>Quito &#8211; Ecuador<\/p>\n<\/div>\n<p><!--more--><br \/>\n<!-- {\"name\":\"energia\",\"type\":\"layout\",\"children\":[{\"type\":\"section\",\"props\":{\"style\":\"default\",\"width\":\"\",\"vertical_align\":\"middle\",\"title_position\":\"top-left\",\"title_rotation\":\"left\",\"title_breakpoint\":\"xl\",\"image_position\":\"center-center\",\"image\":\"wp-content\\\/uploads\\\/foto_banner.png\",\"overlap\":false,\"image_size\":\"cover\"},\"children\":[{\"type\":\"row\",\"children\":[{\"type\":\"column\",\"props\":{\"image_position\":\"center-center\",\"media_overlay_gradient\":\"\"},\"children\":[]}]}],\"name\":\"fotobanner\"},{\"type\":\"section\",\"props\":{\"style\":\"default\",\"width\":\"default\",\"vertical_align\":\"middle\",\"title_position\":\"top-left\",\"title_rotation\":\"left\",\"title_breakpoint\":\"xl\",\"image_position\":\"center-center\",\"css\":\".el-section {background-color: #00609C;}\",\"padding\":\"xsmall\",\"padding_remove_bottom\":true},\"children\":[{\"type\":\"row\",\"children\":[{\"type\":\"column\",\"props\":{\"image_position\":\"center-center\",\"media_overlay_gradient\":\"\"},\"children\":[]}]}],\"name\":\"barra\"},{\"type\":\"section\",\"props\":{\"style\":\"default\",\"width\":\"default\",\"vertical_align\":\"middle\",\"title_position\":\"top-left\",\"title_rotation\":\"left\",\"title_breakpoint\":\"xl\",\"image_position\":\"center-center\",\"padding\":\"small\",\"padding_remove_bottom\":true},\"children\":[{\"type\":\"row\",\"children\":[{\"type\":\"column\",\"props\":{\"image_position\":\"center-center\",\"media_overlay_gradient\":\"\"},\"children\":[{\"type\":\"headline\",\"props\":{\"title_element\":\"h1\",\"content\":\"Contactos\",\"text_align\":\"center\",\"css\":\".el-element {\\nfont-size: 25px;\\n}\"}}]}]}]},{\"type\":\"section\",\"props\":{\"style\":\"default\",\"width\":\"default\",\"vertical_align\":\"middle\",\"title_position\":\"top-left\",\"title_rotation\":\"left\",\"title_breakpoint\":\"xl\",\"image_position\":\"center-center\",\"padding\":\"small\"},\"children\":[{\"type\":\"row\",\"props\":{\"layout\":\"2-3,1-3\"},\"children\":[{\"type\":\"column\",\"props\":{\"image_position\":\"center-center\",\"media_overlay_gradient\":\"\",\"width_medium\":\"2-3\"},\"children\":[{\"type\":\"headline\",\"props\":{\"title_element\":\"h4\",\"content\":\"\n\n<h1 class=\\\"uk-h5 uk-font-primary uk-text-primary uk-text-center uk-scrollspy-inview uk-animation-slide-bottom-medium\\\" data-id=\\\"page#1-0-0-0\\\" uk-scrollspy-class=\\\"\\\">UBICACI\\u00d3N MINISTERIO DEL AMBIENTE, AGUA Y TRANSICI\\u00d3N ECOL\\u00d3GICA<\\\/h1>\",\"title_style\":\"h4\",\"title_font_family\":\"primary\",\"title_color\":\"emphasis\"}},{\"type\":\"html\",\"props\":{\"content\":\"<iframe src=\\\"https:\\\/\\\/www.google.com\\\/maps\\\/embed?pb=!1m18!1m12!1m3!1d3989.7919675817857!2d-78.4885198489203!3d-0.20824489984730407!2m3!1f0!2f0!3f0!3m2!1i1024!2i768!4f13.1!3m3!1m2!1s0x91d59a0e294bf633%3A0x144735ae05f2a969!2sMinisterio%20del%20Ambiente%20Ecuador!5e0!3m2!1ses!2sec!4v1595287822567!5m2!1ses!2sec\\\" width=\\\"100%\\\" height=\\\"450\\\" frameborder=\\\"0\\\" style=\\\"border:0;\\\" allowfullscreen=\\\"\\\" aria-hidden=\\\"false\\\" tabindex=\\\"0\\\"><\\\/iframe>\"}}]},{\"type\":\"column\",\"props\":{\"image_position\":\"center-center\",\"media_overlay_gradient\":\"\",\"width_medium\":\"1-3\",\"vertical_align\":\"middle\"},\"children\":[{\"type\":\"text\",\"props\":{\"margin\":\"default\",\"column_breakpoint\":\"m\",\"content\":\"\n\n<p><strong>Subsecretar\\u00eda de Cambio Clim\\u00e1tico<\\\/strong><\\\/p>\\n\n\n<p><strong>Direcci\\u00f3n de Mitigaci\\u00f3n del Cambio Clim\\u00e1tico<\\\/strong><br \\\/><strong>Direcci\\u00f3n:<\\\/strong> Av. Madrid 1159 y Andaluc\\u00eda<br \\\/><strong>Tel\\u00e9fono:<\\\/strong> (593)2 398 7600<br \\\/><strong>Ext:<\\\/strong> 1303-1307<br \\\/>Quito - Ecuador<\\\/p>\"}}]}]}],\"modified\":\"2020-12-10T04:00:25.519Z\",\"name\":\"contacto\"}],\"version\":\"2.4.14\"} --><\/p>\n","protected":false},"excerpt":{"rendered":"<p>Contactos UBICACI\u00d3N MINISTERIO DEL AMBIENTE, AGUA Y TRANSICI\u00d3N ECOL\u00d3GICA Subsecretar\u00eda de Cambio Clim\u00e1tico Direcci\u00f3n de Mitigaci\u00f3n del Cambio Clim\u00e1ticoDirecci\u00f3n: Av. Madrid 1159 y Andaluc\u00edaTel\u00e9fono: (593)2 398 7600Ext: 1303-1307Quito &#8211; Ecuador<\/p>\n","protected":false},"author":1,"featured_media":0,"parent":0,"menu_order":0,"comment_status":"closed","ping_status":"closed","template":"","meta":{"_monsterinsights_skip_tracking":false,"_monsterinsights_sitenote_active":false,"_monsterinsights_sitenote_note":"","_monsterinsights_sitenote_category":0,"footnotes":""},"class_list":["post-1319","page","type-page","status-publish","hentry"],"_links":{"self":[{"href":"https:\/\/singei.ambiente.gob.ec\/singei\/index.php?rest_route=\/wp\/v2\/pages\/1319","targetHints":{"allow":["GET"]}}],"collection":[{"href":"https:\/\/singei.ambiente.gob.ec\/singei\/index.php?rest_route=\/wp\/v2\/pages"}],"about":[{"href":"https:\/\/singei.ambiente.gob.ec\/singei\/index.php?rest_route=\/wp\/v2\/types\/page"}],"author":[{"embeddable":true,"href":"https:\/\/singei.ambiente.gob.ec\/singei\/index.php?rest_route=\/wp\/v2\/users\/1"}],"replies":[{"embeddable":true,"href":"https:\/\/singei.ambiente.gob.ec\/singei\/index.php?rest_route=%2Fwp%2Fv2%2Fcomments&post=1319"}],"version-history":[{"count":12,"href":"https:\/\/singei.ambiente.gob.ec\/singei\/index.php?rest_route=\/wp\/v2\/pages\/1319\/revisions"}],"predecessor-version":[{"id":1970,"href":"https:\/\/singei.ambiente.gob.ec\/singei\/index.php?rest_route=\/wp\/v2\/pages\/1319\/revisions\/1970"}],"wp:attachment":[{"href":"https:\/\/singei.ambiente.gob.ec\/singei\/index.php?rest_route=%2Fwp%2Fv2%2Fmedia&parent=1319"}],"curies":[{"name":"wp","href":"https:\/\/api.w.org\/{rel}","templated":true}]}}