{"id":1444,"date":"2020-12-09T16:54:03","date_gmt":"2020-12-09T16:54:03","guid":{"rendered":"http:\/\/www.geekecuador.com\/singei\/?page_id=1444"},"modified":"2024-06-16T01:37:16","modified_gmt":"2024-06-16T01:37:16","slug":"procesos-industriales-y-uso-de-productos","status":"publish","type":"page","link":"https:\/\/singei.ambiente.gob.ec\/singei\/?page_id=1444","title":{"rendered":"Procesos Industriales y Uso de Productos"},"content":{"rendered":"<p><img decoding=\"async\" src=\"\/singei\/wp-content\/uploads\/sector_procesos.png\" alt=\"\"><\/p>\n<div>\n<p>El sector Procesos Industriales y Uso de Productos (IPPU, por sus siglas en ingl\u00e9s) considera las emisiones de gases de efecto invernadero (GEI) provocadas por la transformaci\u00f3n qu\u00edmica de materias primas en la producci\u00f3n de cemento, cal, vidrio, cer\u00e1mica, carbonado de sodio, hierro, acero, plomo, lubricantes y cera parafina a trav\u00e9s de medios qu\u00edmicos o f\u00edsicos. Debido a esto se liberan grandes cantidades de GEI, incluidos: CO2 , CH4 , N2 O, hidrofluorocarbonos (HFC) y perfluorocarbonos (PFC).<\/p>\n<\/div>\n<div>\n<p><strong>Se contabiliza las emisiones procedentes de las siguientes categor\u00edas: <\/strong><\/p>\n<\/div>\n<p><img decoding=\"async\" src=\"\/singei\/wp-content\/uploads\/tabla_procesos.jpg\" alt=\"\"><\/p>\n<div>\n<p><strong>Resultados de los Inventarios de GEI del sector Procesos Industriales y Uso de Productos<br \/><\/strong><\/p>\n<\/div>\n<ul>\n<li>\n        <a href=\"https:\/\/lookerstudio.google.com\/embed\/u\/0\/reporting\/0ab6d781-1ee7-439a-8f10-85bcc4ab3455\/page\/Ipq2D\">Emisiones nacionales de gases de efecto invernadero<\/a>\n    <\/li>\n<li>\n        <a href=\"https:\/\/lookerstudio.google.com\/embed\/reporting\/b8cc9b6c-0056-4d2b-a003-c370ae40df17\/page\/3xq2D\">Tendencias de emisiones GEI<\/a>\n    <\/li>\n<\/ul>\n<p><!--more--><br \/>\n<!-- {\"name\":\"energia\",\"type\":\"layout\",\"children\":[{\"type\":\"section\",\"props\":{\"style\":\"default\",\"width\":\"\",\"vertical_align\":\"middle\",\"title_position\":\"top-left\",\"title_rotation\":\"left\",\"title_breakpoint\":\"xl\",\"image_position\":\"center-center\",\"overlap\":false,\"image\":\"wp-content\\\/uploads\\\/industria.png\",\"image_size\":\"cover\"},\"children\":[{\"type\":\"row\",\"children\":[{\"type\":\"column\",\"props\":{\"image_position\":\"center-center\",\"media_overlay_gradient\":\"\"},\"children\":[]}]}],\"name\":\"fotobanner\"},{\"type\":\"section\",\"props\":{\"style\":\"default\",\"width\":\"default\",\"vertical_align\":\"middle\",\"title_position\":\"top-left\",\"title_rotation\":\"left\",\"title_breakpoint\":\"xl\",\"image_position\":\"center-center\",\"css\":\".el-section {background-color: #AC441E;}\",\"padding\":\"xsmall\",\"padding_remove_bottom\":true},\"children\":[{\"type\":\"row\",\"children\":[{\"type\":\"column\",\"props\":{\"image_position\":\"center-center\",\"media_overlay_gradient\":\"\"},\"children\":[]}]}],\"name\":\"barra\"},{\"name\":\"ENERGIA\",\"type\":\"section\",\"props\":{\"width\":\"default\",\"padding\":\"small\",\"style\":\"default\",\"image_size\":\"cover\",\"image_position\":\"center-center\",\"vertical_align\":\"middle\",\"title_position\":\"top-left\",\"title_rotation\":\"left\",\"title_breakpoint\":\"xl\"},\"children\":[{\"name\":\"\",\"type\":\"row\",\"props\":{\"layout\":\"1-3,2-3\",\"divider\":true,\"column_gap\":\"large\",\"row_gap\":\"small\",\"margin_remove_top\":false},\"children\":[{\"name\":\"\",\"type\":\"column\",\"props\":{\"image_position\":\"center-center\",\"media_overlay_gradient\":\"\",\"width_medium\":\"1-3\",\"vertical_align\":\"middle\"},\"children\":[{\"type\":\"image\",\"props\":{\"margin\":\"default\",\"image_svg_color\":\"emphasis\",\"image\":\"wp-content\\\/uploads\\\/sector_procesos.png\",\"text_align\":\"center\",\"margin_remove_top\":false,\"margin_remove_bottom\":false}},{\"type\":\"text\",\"props\":{\"margin\":\"default\",\"column_breakpoint\":\"m\",\"content\":\"\n\n<p>El sector Procesos Industriales y Uso de Productos (IPPU, por sus siglas en ingl\\u00e9s) considera las emisiones de gases de efecto invernadero (GEI) provocadas por la transformaci\\u00f3n qu\\u00edmica de materias primas en la producci\\u00f3n de cemento, cal, vidrio, cer\\u00e1mica, carbonado de sodio, hierro, acero, plomo, lubricantes y cera parafina a trav\\u00e9s de medios qu\\u00edmicos o f\\u00edsicos. Debido a esto se liberan grandes cantidades de GEI, incluidos: CO2 , CH4 , N2 O, hidrofluorocarbonos (HFC) y perfluorocarbonos (PFC).<\\\/p>\",\"text_align\":\"justify\",\"margin_remove_top\":true,\"margin_remove_bottom\":false,\"position\":\"relative\",\"position_top\":\"10\"}}]},{\"name\":\"\",\"type\":\"column\",\"props\":{\"image_position\":\"center-center\",\"media_overlay_gradient\":\"\",\"width_medium\":\"2-3\"},\"children\":[{\"type\":\"text\",\"props\":{\"margin\":\"default\",\"column_breakpoint\":\"m\",\"content\":\"\n\n<p><strong>Se contabiliza las emisiones procedentes de las siguientes categor\\u00edas: <\\\/strong><\\\/p>\",\"text_align\":\"center\"}},{\"type\":\"image\",\"props\":{\"margin\":\"default\",\"image_svg_color\":\"emphasis\",\"image\":\"wp-content\\\/uploads\\\/tabla_procesos.jpg\",\"text_align\":\"center\"}},{\"type\":\"text\",\"props\":{\"margin\":\"default\",\"column_breakpoint\":\"m\",\"content\":\"\n\n<p><strong>Resultados de los Inventarios de GEI del sector Procesos Industriales y Uso de Productos<br \\\/><\\\/strong><\\\/p>\",\"text_align\":\"center\"}},{\"type\":\"button\",\"props\":{\"grid_column_gap\":\"small\",\"grid_row_gap\":\"small\",\"margin\":\"default\",\"text_align\":\"center\"},\"children\":[{\"type\":\"button_item\",\"props\":{\"button_style\":\"primary\",\"icon_align\":\"left\",\"content\":\"Emisiones nacionales de gases de efecto invernadero\",\"link\":\"https:\\\/\\\/lookerstudio.google.com\\\/embed\\\/u\\\/0\\\/reporting\\\/0ab6d781-1ee7-439a-8f10-85bcc4ab3455\\\/page\\\/Ipq2D\",\"link_target\":\"modal\",\"icon\":\"forward\",\"lightbox_width\":\"1000\",\"lightbox_height\":\"650\"}},{\"type\":\"button_item\",\"props\":{\"button_style\":\"primary\",\"icon_align\":\"left\",\"content\":\"Tendencias de emisiones GEI\",\"link\":\"https:\\\/\\\/lookerstudio.google.com\\\/embed\\\/reporting\\\/b8cc9b6c-0056-4d2b-a003-c370ae40df17\\\/page\\\/3xq2D\",\"link_target\":\"modal\",\"icon\":\"forward\",\"lightbox_width\":\"1000\",\"lightbox_height\":\"650\"}}]}]}]}]}],\"version\":\"2.4.14\"} --><\/p>\n","protected":false},"excerpt":{"rendered":"<p>El sector Procesos Industriales y Uso de Productos (IPPU, por sus siglas en ingl\u00e9s) considera las emisiones de gases de efecto invernadero (GEI) provocadas por la transformaci\u00f3n qu\u00edmica de materias primas en la producci\u00f3n de cemento, cal, vidrio, cer\u00e1mica, carbonado de sodio, hierro, acero, plomo, lubricantes y cera parafina a trav\u00e9s de medios qu\u00edmicos o [&hellip;]<\/p>\n","protected":false},"author":1,"featured_media":0,"parent":1315,"menu_order":0,"comment_status":"closed","ping_status":"closed","template":"","meta":{"_monsterinsights_skip_tracking":false,"_monsterinsights_sitenote_active":false,"_monsterinsights_sitenote_note":"","_monsterinsights_sitenote_category":0,"footnotes":""},"class_list":["post-1444","page","type-page","status-publish","hentry"],"_links":{"self":[{"href":"https:\/\/singei.ambiente.gob.ec\/singei\/index.php?rest_route=\/wp\/v2\/pages\/1444","targetHints":{"allow":["GET"]}}],"collection":[{"href":"https:\/\/singei.ambiente.gob.ec\/singei\/index.php?rest_route=\/wp\/v2\/pages"}],"about":[{"href":"https:\/\/singei.ambiente.gob.ec\/singei\/index.php?rest_route=\/wp\/v2\/types\/page"}],"author":[{"embeddable":true,"href":"https:\/\/singei.ambiente.gob.ec\/singei\/index.php?rest_route=\/wp\/v2\/users\/1"}],"replies":[{"embeddable":true,"href":"https:\/\/singei.ambiente.gob.ec\/singei\/index.php?rest_route=%2Fwp%2Fv2%2Fcomments&post=1444"}],"version-history":[{"count":27,"href":"https:\/\/singei.ambiente.gob.ec\/singei\/index.php?rest_route=\/wp\/v2\/pages\/1444\/revisions"}],"predecessor-version":[{"id":1958,"href":"https:\/\/singei.ambiente.gob.ec\/singei\/index.php?rest_route=\/wp\/v2\/pages\/1444\/revisions\/1958"}],"up":[{"embeddable":true,"href":"https:\/\/singei.ambiente.gob.ec\/singei\/index.php?rest_route=\/wp\/v2\/pages\/1315"}],"wp:attachment":[{"href":"https:\/\/singei.ambiente.gob.ec\/singei\/index.php?rest_route=%2Fwp%2Fv2%2Fmedia&parent=1444"}],"curies":[{"name":"wp","href":"https:\/\/api.w.org\/{rel}","templated":true}]}}