{"id":1446,"date":"2020-12-09T16:54:21","date_gmt":"2020-12-09T16:54:21","guid":{"rendered":"http:\/\/www.geekecuador.com\/singei\/?page_id=1446"},"modified":"2024-06-16T01:37:52","modified_gmt":"2024-06-16T01:37:52","slug":"agricultura","status":"publish","type":"page","link":"https:\/\/singei.ambiente.gob.ec\/singei\/?page_id=1446","title":{"rendered":"Agricultura"},"content":{"rendered":"<p><img decoding=\"async\" src=\"\/singei\/wp-content\/uploads\/sector_agricultura.png\" alt=\"\"><\/p>\n<div>En el sector Agricultura se analizan las emisiones de di\u00f3xido de carbono (CO 2 ), metano (CH4 ) y \u00f3xido nitroso (N2 O) generadas por ganado (3A) y por fuentes agregadas y emisiones de No-CO2 provenientes de la tierra (3C). Las fuentes agregadas, seg\u00fan el IPCC, comprenden una variedad de otros usos de suelo, incluyendo el cultivo de arroz, el uso de fertilizantes, la aplicaci\u00f3n de cal y urea, as\u00ed como la quema de biomasa sin recuperaci\u00f3n de energ\u00eda.<\/div>\n<div>\n<p>Siguiendo las Directrices del IPCC 2006, para este sector se incluye un an\u00e1lisis separado de las emisiones de gas metano generadas por cultivo de arroz considerando la particularidad de ser un cultivo bajo tierra inundada o con reg\u00edmenes de agua de niveles altos.<\/p>\n<\/div>\n<div>\n<p><strong>Las categor\u00edas y subcategor\u00edas reportadas por Ecuador son las siguientes:<\/strong><\/p>\n<\/div>\n<p><img decoding=\"async\" src=\"\/singei\/wp-content\/uploads\/tabla_agricultura.jpg\" alt=\"\"><\/p>\n<div>\n<p><strong>Resultados de los Inventarios de GEI del sector Agricultura<\/strong><\/p>\n<\/div>\n<ul>\n<li>\n        <a href=\"https:\/\/lookerstudio.google.com\/embed\/reporting\/54c15801-39c3-4e6e-a9cb-57cde5a733dc\/page\/Ipq2D\">Emisiones nacionales de gases de efecto invernadero<\/a>\n    <\/li>\n<li>\n        <a href=\"https:\/\/lookerstudio.google.com\/embed\/reporting\/8c39a201-ca6b-4434-9fa8-7957dbab180c\/page\/3xq2D\">Tendencias de emisiones GEI<\/a>\n    <\/li>\n<\/ul>\n<p><!--more--><br \/>\n<!-- {\"name\":\"energia\",\"type\":\"layout\",\"children\":[{\"type\":\"section\",\"props\":{\"style\":\"default\",\"width\":\"\",\"vertical_align\":\"middle\",\"title_position\":\"top-left\",\"title_rotation\":\"left\",\"title_breakpoint\":\"xl\",\"image_position\":\"center-center\",\"image\":\"wp-content\\\/uploads\\\/agricultura.png\",\"overlap\":false,\"image_size\":\"cover\"},\"children\":[{\"type\":\"row\",\"children\":[{\"type\":\"column\",\"props\":{\"image_position\":\"center-center\",\"media_overlay_gradient\":\"\"},\"children\":[]}]}],\"name\":\"fotobanner\"},{\"type\":\"section\",\"props\":{\"style\":\"default\",\"width\":\"default\",\"vertical_align\":\"middle\",\"title_position\":\"top-left\",\"title_rotation\":\"left\",\"title_breakpoint\":\"xl\",\"image_position\":\"center-center\",\"css\":\".el-section {background-color: #124734;}\",\"padding\":\"xsmall\",\"padding_remove_bottom\":true},\"children\":[{\"type\":\"row\",\"children\":[{\"type\":\"column\",\"props\":{\"image_position\":\"center-center\",\"media_overlay_gradient\":\"\"},\"children\":[]}]}],\"name\":\"barra\"},{\"name\":\"ENERGIA\",\"type\":\"section\",\"props\":{\"width\":\"default\",\"padding\":\"small\",\"style\":\"default\",\"image_size\":\"cover\",\"image_position\":\"center-center\",\"vertical_align\":\"middle\",\"title_position\":\"top-left\",\"title_rotation\":\"left\",\"title_breakpoint\":\"xl\"},\"children\":[{\"name\":\"\",\"type\":\"row\",\"props\":{\"layout\":\"1-3,2-3\",\"divider\":true,\"column_gap\":\"large\",\"row_gap\":\"small\",\"margin_remove_top\":false},\"children\":[{\"name\":\"\",\"type\":\"column\",\"props\":{\"image_position\":\"center-center\",\"media_overlay_gradient\":\"\",\"width_medium\":\"1-3\",\"vertical_align\":\"middle\"},\"children\":[{\"type\":\"image\",\"props\":{\"margin\":\"default\",\"image_svg_color\":\"emphasis\",\"image\":\"wp-content\\\/uploads\\\/sector_agricultura.png\",\"text_align\":\"center\",\"margin_remove_top\":false,\"margin_remove_bottom\":false}},{\"type\":\"text\",\"props\":{\"margin\":\"default\",\"column_breakpoint\":\"m\",\"content\":\"En el sector Agricultura se analizan las emisiones de di\\u00f3xido de carbono (CO 2 ), metano (CH4 ) y \\u00f3xido nitroso (N2 O) generadas por ganado (3A) y por fuentes agregadas y emisiones de No-CO2 provenientes de la tierra (3C). Las fuentes agregadas, seg\\u00fan el IPCC, comprenden una variedad de otros usos de suelo, incluyendo el cultivo de arroz, el uso de fertilizantes, la aplicaci\\u00f3n de cal y urea, as\\u00ed como la quema de biomasa sin recuperaci\\u00f3n de energ\\u00eda.\",\"text_align\":\"justify\",\"margin_remove_top\":true,\"margin_remove_bottom\":false,\"position\":\"relative\",\"position_top\":\"-30\"}}]},{\"name\":\"\",\"type\":\"column\",\"props\":{\"image_position\":\"center-center\",\"media_overlay_gradient\":\"\",\"width_medium\":\"2-3\"},\"children\":[{\"type\":\"text\",\"props\":{\"margin\":\"default\",\"column_breakpoint\":\"m\",\"content\":\"\n\n<p>Siguiendo las Directrices del IPCC 2006, para este sector se incluye un an\\u00e1lisis separado de las emisiones de gas metano generadas por cultivo de arroz considerando la particularidad de ser un cultivo bajo tierra inundada o con reg\\u00edmenes de agua de niveles altos.<\\\/p>\"}},{\"type\":\"text\",\"props\":{\"margin\":\"default\",\"column_breakpoint\":\"m\",\"content\":\"\n\n<p><strong>Las categor\\u00edas y subcategor\\u00edas reportadas por Ecuador son las siguientes:<\\\/strong><\\\/p>\",\"text_align\":\"center\"}},{\"type\":\"image\",\"props\":{\"margin\":\"default\",\"image_svg_color\":\"emphasis\",\"image\":\"wp-content\\\/uploads\\\/tabla_agricultura.jpg\",\"text_align\":\"center\"}},{\"type\":\"text\",\"props\":{\"margin\":\"default\",\"column_breakpoint\":\"m\",\"content\":\"\n\n<p><strong>Resultados de los Inventarios de GEI del sector Agricultura<\\\/strong><\\\/p>\",\"text_align\":\"center\"}},{\"type\":\"button\",\"props\":{\"grid_column_gap\":\"small\",\"grid_row_gap\":\"small\",\"margin\":\"default\",\"text_align\":\"center\"},\"children\":[{\"type\":\"button_item\",\"props\":{\"button_style\":\"primary\",\"icon_align\":\"left\",\"content\":\"Emisiones nacionales de gases de efecto invernadero\",\"link\":\"https:\\\/\\\/lookerstudio.google.com\\\/embed\\\/reporting\\\/54c15801-39c3-4e6e-a9cb-57cde5a733dc\\\/page\\\/Ipq2D\",\"link_target\":\"modal\",\"icon\":\"forward\",\"lightbox_width\":\"1000\",\"lightbox_height\":\"650\"}},{\"type\":\"button_item\",\"props\":{\"button_style\":\"primary\",\"icon_align\":\"left\",\"content\":\"Tendencias de emisiones GEI\",\"link\":\"https:\\\/\\\/lookerstudio.google.com\\\/embed\\\/reporting\\\/8c39a201-ca6b-4434-9fa8-7957dbab180c\\\/page\\\/3xq2D\",\"link_target\":\"modal\",\"icon\":\"forward\",\"lightbox_width\":\"1000\",\"lightbox_height\":\"650\"}}]}]}]}]}],\"version\":\"2.4.14\"} --><\/p>\n","protected":false},"excerpt":{"rendered":"<p>En el sector Agricultura se analizan las emisiones de di\u00f3xido de carbono (CO 2 ), metano (CH4 ) y \u00f3xido nitroso (N2 O) generadas por ganado (3A) y por fuentes agregadas y emisiones de No-CO2 provenientes de la tierra (3C). Las fuentes agregadas, seg\u00fan el IPCC, comprenden una variedad de otros usos de suelo, incluyendo [&hellip;]<\/p>\n","protected":false},"author":1,"featured_media":0,"parent":1315,"menu_order":0,"comment_status":"closed","ping_status":"closed","template":"","meta":{"_monsterinsights_skip_tracking":false,"_monsterinsights_sitenote_active":false,"_monsterinsights_sitenote_note":"","_monsterinsights_sitenote_category":0,"footnotes":""},"class_list":["post-1446","page","type-page","status-publish","hentry"],"_links":{"self":[{"href":"https:\/\/singei.ambiente.gob.ec\/singei\/index.php?rest_route=\/wp\/v2\/pages\/1446","targetHints":{"allow":["GET"]}}],"collection":[{"href":"https:\/\/singei.ambiente.gob.ec\/singei\/index.php?rest_route=\/wp\/v2\/pages"}],"about":[{"href":"https:\/\/singei.ambiente.gob.ec\/singei\/index.php?rest_route=\/wp\/v2\/types\/page"}],"author":[{"embeddable":true,"href":"https:\/\/singei.ambiente.gob.ec\/singei\/index.php?rest_route=\/wp\/v2\/users\/1"}],"replies":[{"embeddable":true,"href":"https:\/\/singei.ambiente.gob.ec\/singei\/index.php?rest_route=%2Fwp%2Fv2%2Fcomments&post=1446"}],"version-history":[{"count":25,"href":"https:\/\/singei.ambiente.gob.ec\/singei\/index.php?rest_route=\/wp\/v2\/pages\/1446\/revisions"}],"predecessor-version":[{"id":1960,"href":"https:\/\/singei.ambiente.gob.ec\/singei\/index.php?rest_route=\/wp\/v2\/pages\/1446\/revisions\/1960"}],"up":[{"embeddable":true,"href":"https:\/\/singei.ambiente.gob.ec\/singei\/index.php?rest_route=\/wp\/v2\/pages\/1315"}],"wp:attachment":[{"href":"https:\/\/singei.ambiente.gob.ec\/singei\/index.php?rest_route=%2Fwp%2Fv2%2Fmedia&parent=1446"}],"curies":[{"name":"wp","href":"https:\/\/api.w.org\/{rel}","templated":true}]}}