{"id":1448,"date":"2020-12-09T16:55:08","date_gmt":"2020-12-09T16:55:08","guid":{"rendered":"http:\/\/www.geekecuador.com\/singei\/?page_id=1448"},"modified":"2024-06-16T01:38:21","modified_gmt":"2024-06-16T01:38:21","slug":"uso-de-la-tierra-cambio-de-uso-de-la-tierra-y-silvicultura","status":"publish","type":"page","link":"https:\/\/singei.ambiente.gob.ec\/singei\/?page_id=1448","title":{"rendered":"Uso de la Tierra, Cambio de Uso de la Tierra y Silvicultura"},"content":{"rendered":"<p><img decoding=\"async\" src=\"\/singei\/wp-content\/uploads\/sector_usotierra.png\" alt=\"\"><\/p>\n<div>\n<p>En el sector Uso de la Tierra, Cambio de Uso de la Tierra y Silvicultura (UTCUTS) se analizan las emisiones de di\u00f3xido de carbono (CO 2 ), metano (CH 4) y \u00f3xido nitroso (N2O), as\u00ed como tambi\u00e9n las absorciones de CO\u2082, generadas por las categor\u00edas de Tierras forestales (3B1), Tierras de cultivo (3B2), Pastizales (3B3), Humedales (3B4), Asentamientos (3B5), Otras tierras (3B6) y Quema de biomasa (3C1).<\/p>\n<p>Este sector es el \u00fanico en el que se reportan emisiones de GEI y absorciones de CO2, siendo relevante su potencial de mitigaci\u00f3n. Las fuentes de absorci\u00f3n de CO2 en el caso del Ecuador se atribuyen al crecimiento de plantaciones forestales y bosques que se encuentran bajo r\u00e9gimen de protecci\u00f3n legal, incluyendo: Sistema Nacional de \u00c1reas protegidas (SNAP), Proyecto Socio Bosque (PSB) y Bosques Protectores.<\/p>\n<\/div>\n<div>\n<p><strong>Las categor\u00edas y subcategor\u00edas reportadas por Ecuador son las siguientes:<\/strong><\/p>\n<\/div>\n<p><img decoding=\"async\" src=\"\/singei\/wp-content\/uploads\/tabla_utcuts.jpg\" alt=\"\"><\/p>\n<div>\n<p><strong>Nota:<\/strong> Las subcategor\u00edas Tierras que se mantienen como tales (3.B.2.a, 3.B.3.a, 3.B.4.a, 3.B.5.a y 3.B.6.a) no fueron estimadas en este inventario debido a que el pa\u00eds no cuenta con informaci\u00f3n oficial de un a\u00f1o a otro sobre la valoraci\u00f3n de carbono en biomasa, materia org\u00e1nica muerta y suelos.<\/p>\n<\/div>\n<div>\n<p><strong>Resultados de los Inventarios de GEI del sector UTCUTS<\/strong><\/p>\n<\/div>\n<ul>\n<li>\n        <a href=\"https:\/\/lookerstudio.google.com\/embed\/reporting\/bd437102-f2a1-4192-9b2a-c5d3ddeda006\/page\/Ipq2D\">Emisiones nacionales de gases de efecto invernadero<\/a>\n    <\/li>\n<li>\n        <a href=\"https:\/\/lookerstudio.google.com\/embed\/reporting\/c92de2f0-a986-4f5a-8b78-a54a8e507d37\/page\/3xq2D\">Tendencias de emisiones GEI<\/a>\n    <\/li>\n<\/ul>\n<p><!--more--><br \/>\n<!-- {\"name\":\"energia\",\"type\":\"layout\",\"children\":[{\"type\":\"section\",\"props\":{\"style\":\"default\",\"width\":\"\",\"vertical_align\":\"middle\",\"title_position\":\"top-left\",\"title_rotation\":\"left\",\"title_breakpoint\":\"xl\",\"image_position\":\"center-center\",\"image\":\"wp-content\\\/uploads\\\/uso_suelo.png\",\"overlap\":false,\"image_size\":\"cover\"},\"children\":[{\"type\":\"row\",\"children\":[{\"type\":\"column\",\"props\":{\"image_position\":\"center-center\",\"media_overlay_gradient\":\"\"},\"children\":[]}]}],\"name\":\"fotobanner\"},{\"type\":\"section\",\"props\":{\"style\":\"default\",\"width\":\"default\",\"vertical_align\":\"middle\",\"title_position\":\"top-left\",\"title_rotation\":\"left\",\"title_breakpoint\":\"xl\",\"image_position\":\"center-center\",\"css\":\".el-section {background-color: #5A3412;}\",\"padding\":\"xsmall\",\"padding_remove_bottom\":true},\"children\":[{\"type\":\"row\",\"children\":[{\"type\":\"column\",\"props\":{\"image_position\":\"center-center\",\"media_overlay_gradient\":\"\"},\"children\":[]}]}],\"name\":\"barra\"},{\"name\":\"ENERGIA\",\"type\":\"section\",\"props\":{\"width\":\"default\",\"padding\":\"small\",\"style\":\"default\",\"image_size\":\"cover\",\"image_position\":\"center-center\",\"vertical_align\":\"middle\",\"title_position\":\"top-left\",\"title_rotation\":\"left\",\"title_breakpoint\":\"xl\"},\"children\":[{\"name\":\"\",\"type\":\"row\",\"props\":{\"layout\":\"1-3,2-3\",\"divider\":true,\"column_gap\":\"large\",\"row_gap\":\"small\",\"margin_remove_top\":false},\"children\":[{\"name\":\"\",\"type\":\"column\",\"props\":{\"image_position\":\"center-center\",\"media_overlay_gradient\":\"\",\"width_medium\":\"1-3\",\"vertical_align\":\"middle\"},\"children\":[{\"type\":\"image\",\"props\":{\"margin\":\"default\",\"image_svg_color\":\"emphasis\",\"image\":\"wp-content\\\/uploads\\\/sector_usotierra.png\",\"text_align\":\"center\",\"margin_remove_top\":false,\"margin_remove_bottom\":false}},{\"type\":\"text\",\"props\":{\"margin\":\"default\",\"column_breakpoint\":\"m\",\"content\":\"\n\n<p>En el sector Uso de la Tierra, Cambio de Uso de la Tierra y Silvicultura (UTCUTS) se analizan las emisiones de di\\u00f3xido de carbono (CO 2 ), metano (CH 4) y \\u00f3xido nitroso (N2O), as\\u00ed como tambi\\u00e9n las absorciones de CO\\u2082, generadas por las categor\\u00edas de Tierras forestales (3B1), Tierras de cultivo (3B2), Pastizales (3B3), Humedales (3B4), Asentamientos (3B5), Otras tierras (3B6) y Quema de biomasa (3C1).<\\\/p>\\n\n\n<p>Este sector es el \\u00fanico en el que se reportan emisiones de GEI y absorciones de CO2, siendo relevante su potencial de mitigaci\\u00f3n. Las fuentes de absorci\\u00f3n de CO2 en el caso del Ecuador se atribuyen al crecimiento de plantaciones forestales y bosques que se encuentran bajo r\\u00e9gimen de protecci\\u00f3n legal, incluyendo: Sistema Nacional de \\u00c1reas protegidas (SNAP), Proyecto Socio Bosque (PSB) y Bosques Protectores.<\\\/p>\",\"text_align\":\"justify\",\"margin_remove_top\":true,\"margin_remove_bottom\":false,\"position\":\"relative\",\"position_top\":\"0\"}}]},{\"name\":\"\",\"type\":\"column\",\"props\":{\"image_position\":\"center-center\",\"media_overlay_gradient\":\"\",\"width_medium\":\"2-3\"},\"children\":[{\"type\":\"text\",\"props\":{\"margin\":\"default\",\"column_breakpoint\":\"m\",\"content\":\"\n\n<p><strong>Las categor\\u00edas y subcategor\\u00edas reportadas por Ecuador son las siguientes:<\\\/strong><\\\/p>\",\"text_align\":\"center\"}},{\"type\":\"image\",\"props\":{\"margin\":\"default\",\"image_svg_color\":\"emphasis\",\"image\":\"wp-content\\\/uploads\\\/tabla_utcuts.jpg\",\"text_align\":\"center\"}},{\"type\":\"text\",\"props\":{\"margin\":\"default\",\"column_breakpoint\":\"m\",\"content\":\"\n\n<p><strong>Nota:<\\\/strong> Las subcategor\\u00edas Tierras que se mantienen como tales (3.B.2.a, 3.B.3.a, 3.B.4.a, 3.B.5.a y 3.B.6.a) no fueron estimadas en este inventario debido a que el pa\\u00eds no cuenta con informaci\\u00f3n oficial de un a\\u00f1o a otro sobre la valoraci\\u00f3n de carbono en biomasa, materia org\\u00e1nica muerta y suelos.<\\\/p>\",\"text_align\":\"justify\",\"margin_remove_top\":true,\"margin_remove_bottom\":false,\"position\":\"relative\",\"position_top\":\"0\"}},{\"type\":\"text\",\"props\":{\"margin\":\"default\",\"column_breakpoint\":\"m\",\"content\":\"\n\n<p><strong>Resultados de los Inventarios de GEI del sector UTCUTS<\\\/strong><\\\/p>\",\"text_align\":\"center\"}},{\"type\":\"button\",\"props\":{\"grid_column_gap\":\"small\",\"grid_row_gap\":\"small\",\"margin\":\"default\",\"text_align\":\"center\"},\"children\":[{\"type\":\"button_item\",\"props\":{\"button_style\":\"primary\",\"icon_align\":\"left\",\"content\":\"Emisiones nacionales de gases de efecto invernadero\",\"link\":\"https:\\\/\\\/lookerstudio.google.com\\\/embed\\\/reporting\\\/bd437102-f2a1-4192-9b2a-c5d3ddeda006\\\/page\\\/Ipq2D\",\"link_target\":\"modal\",\"icon\":\"forward\",\"lightbox_width\":\"1000\",\"lightbox_height\":\"650\",\"link_title\":\"\"}},{\"type\":\"button_item\",\"props\":{\"button_style\":\"primary\",\"icon_align\":\"left\",\"content\":\"Tendencias de emisiones GEI\",\"link\":\"https:\\\/\\\/lookerstudio.google.com\\\/embed\\\/reporting\\\/c92de2f0-a986-4f5a-8b78-a54a8e507d37\\\/page\\\/3xq2D\",\"link_target\":\"modal\",\"icon\":\"forward\",\"lightbox_width\":\"1000\",\"lightbox_height\":\"650\"}}]}]}]}]}],\"version\":\"2.4.14\"} --><\/p>\n","protected":false},"excerpt":{"rendered":"<p>En el sector Uso de la Tierra, Cambio de Uso de la Tierra y Silvicultura (UTCUTS) se analizan las emisiones de di\u00f3xido de carbono (CO 2 ), metano (CH 4) y \u00f3xido nitroso (N2O), as\u00ed como tambi\u00e9n las absorciones de CO\u2082, generadas por las categor\u00edas de Tierras forestales (3B1), Tierras de cultivo (3B2), Pastizales (3B3), [&hellip;]<\/p>\n","protected":false},"author":1,"featured_media":0,"parent":1315,"menu_order":0,"comment_status":"closed","ping_status":"closed","template":"","meta":{"_monsterinsights_skip_tracking":false,"_monsterinsights_sitenote_active":false,"_monsterinsights_sitenote_note":"","_monsterinsights_sitenote_category":0,"footnotes":""},"class_list":["post-1448","page","type-page","status-publish","hentry"],"_links":{"self":[{"href":"https:\/\/singei.ambiente.gob.ec\/singei\/index.php?rest_route=\/wp\/v2\/pages\/1448","targetHints":{"allow":["GET"]}}],"collection":[{"href":"https:\/\/singei.ambiente.gob.ec\/singei\/index.php?rest_route=\/wp\/v2\/pages"}],"about":[{"href":"https:\/\/singei.ambiente.gob.ec\/singei\/index.php?rest_route=\/wp\/v2\/types\/page"}],"author":[{"embeddable":true,"href":"https:\/\/singei.ambiente.gob.ec\/singei\/index.php?rest_route=\/wp\/v2\/users\/1"}],"replies":[{"embeddable":true,"href":"https:\/\/singei.ambiente.gob.ec\/singei\/index.php?rest_route=%2Fwp%2Fv2%2Fcomments&post=1448"}],"version-history":[{"count":37,"href":"https:\/\/singei.ambiente.gob.ec\/singei\/index.php?rest_route=\/wp\/v2\/pages\/1448\/revisions"}],"predecessor-version":[{"id":1962,"href":"https:\/\/singei.ambiente.gob.ec\/singei\/index.php?rest_route=\/wp\/v2\/pages\/1448\/revisions\/1962"}],"up":[{"embeddable":true,"href":"https:\/\/singei.ambiente.gob.ec\/singei\/index.php?rest_route=\/wp\/v2\/pages\/1315"}],"wp:attachment":[{"href":"https:\/\/singei.ambiente.gob.ec\/singei\/index.php?rest_route=%2Fwp%2Fv2%2Fmedia&parent=1448"}],"curies":[{"name":"wp","href":"https:\/\/api.w.org\/{rel}","templated":true}]}}