{"id":1450,"date":"2020-12-09T16:55:24","date_gmt":"2020-12-09T16:55:24","guid":{"rendered":"http:\/\/www.geekecuador.com\/singei\/?page_id=1450"},"modified":"2024-06-16T01:38:50","modified_gmt":"2024-06-16T01:38:50","slug":"residuos","status":"publish","type":"page","link":"https:\/\/singei.ambiente.gob.ec\/singei\/?page_id=1450","title":{"rendered":"Residuos"},"content":{"rendered":"<p><img decoding=\"async\" src=\"\/singei\/wp-content\/uploads\/sector_reciduos.png\" alt=\"\"><\/p>\n<div>\n<p>En el sector Residuos se realiza la cuantificaci\u00f3n de emisiones de metano (CH4) producidas por la descomposici\u00f3n anaer\u00f3bica microbiana de la materia org\u00e1nica en sitios de Disposici\u00f3n final de residuos s\u00f3lidos (4A) y durante el Tratamiento biol\u00f3gico de los residuos s\u00f3lidos (4B).<\/p>\n<p>Adicionalmente, se cuantifican las emisiones de \u00f3xido nitroso (N2O) asociadas con la degradaci\u00f3n de los compuestos nitrogenados (urea, nitrato y prote\u00ednas) en las aguas residuales (4D). Las emisiones de N2O pueden ser directas, provenientes de las plantas de tratamiento de aguas servidas derivadas de los procesos de nitrificaci\u00f3n y desnitrificaci\u00f3n, o indirectas, provenientes de los efluentes del tratamiento de las aguas servidas que se eliminan a cuerpos de agua.<\/p>\n<\/div>\n<div>\n<p><strong>Las categor\u00edas y subcategor\u00edas reportadas por Ecuador son las siguientes:<\/strong><\/p>\n<\/div>\n<p><img decoding=\"async\" src=\"\/singei\/wp-content\/uploads\/tabla_residuos.jpg\" alt=\"\"><\/p>\n<div>\n<p><strong>Nota:<\/strong> La categor\u00eda 4.C incineraci\u00f3n e incineraci\u00f3n abierta de residuos no fue estimada, las razones de su exclusi\u00f3n se explican en el documentos de la Cuarta Comunicaci\u00f3n Nacional en la secci\u00f3n de descargas.<\/p>\n<\/div>\n<div>\n<p><strong>Resultados de los Inventarios de GEI del sector Residuos<\/strong><\/p>\n<\/div>\n<ul>\n<li>\n        <a href=\"https:\/\/lookerstudio.google.com\/embed\/reporting\/f5f2395d-3a1a-4caa-b82a-1d5b524eff92\/page\/Ipq2D\">Emisiones nacionales de gases de efecto invernadero<\/a>\n    <\/li>\n<li>\n        <a href=\"https:\/\/lookerstudio.google.com\/embed\/reporting\/72821dec-e3ed-4454-86a6-e55ae35d5cc9\/page\/3xq2D\">Tendencias de emisiones GEI<\/a>\n    <\/li>\n<\/ul>\n<p><!--more--><br \/>\n<!-- {\"name\":\"energia\",\"type\":\"layout\",\"children\":[{\"type\":\"section\",\"props\":{\"style\":\"default\",\"width\":\"\",\"vertical_align\":\"middle\",\"title_position\":\"top-left\",\"title_rotation\":\"left\",\"title_breakpoint\":\"xl\",\"image_position\":\"center-center\",\"image\":\"wp-content\\\/uploads\\\/residuos_final.png\",\"overlap\":false,\"image_size\":\"cover\"},\"children\":[{\"type\":\"row\",\"children\":[{\"type\":\"column\",\"props\":{\"image_position\":\"center-center\",\"media_overlay_gradient\":\"\"},\"children\":[]}]}],\"name\":\"fotobanner\"},{\"type\":\"section\",\"props\":{\"style\":\"default\",\"width\":\"default\",\"vertical_align\":\"middle\",\"title_position\":\"top-left\",\"title_rotation\":\"left\",\"title_breakpoint\":\"xl\",\"image_position\":\"center-center\",\"css\":\".el-section {background-color: #7A303F;}\",\"padding\":\"xsmall\",\"padding_remove_bottom\":true},\"children\":[{\"type\":\"row\",\"children\":[{\"type\":\"column\",\"props\":{\"image_position\":\"center-center\",\"media_overlay_gradient\":\"\"},\"children\":[]}]}],\"name\":\"barra\"},{\"name\":\"ENERGIA\",\"type\":\"section\",\"props\":{\"width\":\"default\",\"padding\":\"small\",\"style\":\"default\",\"image_size\":\"cover\",\"image_position\":\"center-center\",\"vertical_align\":\"middle\",\"title_position\":\"top-left\",\"title_rotation\":\"left\",\"title_breakpoint\":\"xl\"},\"children\":[{\"name\":\"\",\"type\":\"row\",\"props\":{\"layout\":\"1-3,2-3\",\"divider\":true,\"column_gap\":\"large\",\"row_gap\":\"small\",\"margin_remove_top\":false},\"children\":[{\"name\":\"\",\"type\":\"column\",\"props\":{\"image_position\":\"center-center\",\"media_overlay_gradient\":\"\",\"width_medium\":\"1-3\",\"vertical_align\":\"middle\"},\"children\":[{\"type\":\"image\",\"props\":{\"margin\":\"default\",\"image_svg_color\":\"emphasis\",\"image\":\"wp-content\\\/uploads\\\/sector_reciduos.png\",\"text_align\":\"center\",\"margin_remove_top\":false,\"margin_remove_bottom\":false}},{\"type\":\"text\",\"props\":{\"margin\":\"default\",\"column_breakpoint\":\"m\",\"content\":\"\n\n<p>En el sector Residuos se realiza la cuantificaci\\u00f3n de emisiones de metano (CH4) producidas por la descomposici\\u00f3n anaer\\u00f3bica microbiana de la materia org\\u00e1nica en sitios de Disposici\\u00f3n final de residuos s\\u00f3lidos (4A) y durante el Tratamiento biol\\u00f3gico de los residuos s\\u00f3lidos (4B).<\\\/p>\\n\n\n<p>Adicionalmente, se cuantifican las emisiones de \\u00f3xido nitroso (N2O) asociadas con la degradaci\\u00f3n de los compuestos nitrogenados (urea, nitrato y prote\\u00ednas) en las aguas residuales (4D). Las emisiones de N2O pueden ser directas, provenientes de las plantas de tratamiento de aguas servidas derivadas de los procesos de nitrificaci\\u00f3n y desnitrificaci\\u00f3n, o indirectas, provenientes de los efluentes del tratamiento de las aguas servidas que se eliminan a cuerpos de agua.<\\\/p>\",\"text_align\":\"justify\",\"margin_remove_top\":true,\"margin_remove_bottom\":false,\"position\":\"relative\",\"position_top\":\"-30\"}}]},{\"name\":\"\",\"type\":\"column\",\"props\":{\"image_position\":\"center-center\",\"media_overlay_gradient\":\"\",\"width_medium\":\"2-3\"},\"children\":[{\"type\":\"text\",\"props\":{\"margin\":\"default\",\"column_breakpoint\":\"m\",\"content\":\"\n\n<p><strong>Las categor\\u00edas y subcategor\\u00edas reportadas por Ecuador son las siguientes:<\\\/strong><\\\/p>\",\"text_align\":\"center\"}},{\"type\":\"image\",\"props\":{\"margin\":\"default\",\"image_svg_color\":\"emphasis\",\"image\":\"wp-content\\\/uploads\\\/tabla_residuos.jpg\",\"text_align\":\"center\"}},{\"type\":\"text\",\"props\":{\"margin\":\"default\",\"column_breakpoint\":\"m\",\"content\":\"\n\n<p><strong>Nota:<\\\/strong> La categor\\u00eda 4.C incineraci\\u00f3n e incineraci\\u00f3n abierta de residuos no fue estimada, las razones de su exclusi\\u00f3n se explican en el documentos de la Cuarta Comunicaci\\u00f3n Nacional en la secci\\u00f3n de descargas.<\\\/p>\",\"text_align\":\"justify\"}},{\"type\":\"text\",\"props\":{\"margin\":\"default\",\"column_breakpoint\":\"m\",\"content\":\"\n\n<p><strong>Resultados de los Inventarios de GEI del sector Residuos<\\\/strong><\\\/p>\",\"text_align\":\"center\"}},{\"type\":\"button\",\"props\":{\"grid_column_gap\":\"small\",\"grid_row_gap\":\"small\",\"margin\":\"default\",\"text_align\":\"center\"},\"children\":[{\"type\":\"button_item\",\"props\":{\"button_style\":\"primary\",\"icon_align\":\"left\",\"content\":\"Emisiones nacionales de gases de efecto invernadero\",\"link\":\"https:\\\/\\\/lookerstudio.google.com\\\/embed\\\/reporting\\\/f5f2395d-3a1a-4caa-b82a-1d5b524eff92\\\/page\\\/Ipq2D\",\"link_target\":\"modal\",\"icon\":\"forward\",\"lightbox_width\":\"1000\",\"lightbox_height\":\"650\",\"link_title\":\"\"}},{\"type\":\"button_item\",\"props\":{\"button_style\":\"primary\",\"icon_align\":\"left\",\"content\":\"Tendencias de emisiones GEI\",\"link\":\"https:\\\/\\\/lookerstudio.google.com\\\/embed\\\/reporting\\\/72821dec-e3ed-4454-86a6-e55ae35d5cc9\\\/page\\\/3xq2D\",\"link_target\":\"modal\",\"icon\":\"forward\",\"lightbox_width\":\"1000\",\"lightbox_height\":\"650\"}}]}]}]}]}],\"version\":\"2.4.14\"} --><\/p>\n","protected":false},"excerpt":{"rendered":"<p>En el sector Residuos se realiza la cuantificaci\u00f3n de emisiones de metano (CH4) producidas por la descomposici\u00f3n anaer\u00f3bica microbiana de la materia org\u00e1nica en sitios de Disposici\u00f3n final de residuos s\u00f3lidos (4A) y durante el Tratamiento biol\u00f3gico de los residuos s\u00f3lidos (4B). Adicionalmente, se cuantifican las emisiones de \u00f3xido nitroso (N2O) asociadas con la degradaci\u00f3n [&hellip;]<\/p>\n","protected":false},"author":1,"featured_media":0,"parent":1315,"menu_order":0,"comment_status":"closed","ping_status":"closed","template":"","meta":{"_monsterinsights_skip_tracking":false,"_monsterinsights_sitenote_active":false,"_monsterinsights_sitenote_note":"","_monsterinsights_sitenote_category":0,"footnotes":""},"class_list":["post-1450","page","type-page","status-publish","hentry"],"_links":{"self":[{"href":"https:\/\/singei.ambiente.gob.ec\/singei\/index.php?rest_route=\/wp\/v2\/pages\/1450","targetHints":{"allow":["GET"]}}],"collection":[{"href":"https:\/\/singei.ambiente.gob.ec\/singei\/index.php?rest_route=\/wp\/v2\/pages"}],"about":[{"href":"https:\/\/singei.ambiente.gob.ec\/singei\/index.php?rest_route=\/wp\/v2\/types\/page"}],"author":[{"embeddable":true,"href":"https:\/\/singei.ambiente.gob.ec\/singei\/index.php?rest_route=\/wp\/v2\/users\/1"}],"replies":[{"embeddable":true,"href":"https:\/\/singei.ambiente.gob.ec\/singei\/index.php?rest_route=%2Fwp%2Fv2%2Fcomments&post=1450"}],"version-history":[{"count":36,"href":"https:\/\/singei.ambiente.gob.ec\/singei\/index.php?rest_route=\/wp\/v2\/pages\/1450\/revisions"}],"predecessor-version":[{"id":1964,"href":"https:\/\/singei.ambiente.gob.ec\/singei\/index.php?rest_route=\/wp\/v2\/pages\/1450\/revisions\/1964"}],"up":[{"embeddable":true,"href":"https:\/\/singei.ambiente.gob.ec\/singei\/index.php?rest_route=\/wp\/v2\/pages\/1315"}],"wp:attachment":[{"href":"https:\/\/singei.ambiente.gob.ec\/singei\/index.php?rest_route=%2Fwp%2Fv2%2Fmedia&parent=1450"}],"curies":[{"name":"wp","href":"https:\/\/api.w.org\/{rel}","templated":true}]}}